{"id":57171,"date":"2025-12-10T11:31:28","date_gmt":"2025-12-10T11:31:28","guid":{"rendered":"https:\/\/clustdoc.com\/?page_id=57171"},"modified":"2025-12-10T11:41:46","modified_gmt":"2025-12-10T11:41:46","slug":"productivite","status":"publish","type":"page","link":"https:\/\/clustdoc.com\/fr\/blog\/productivite\/","title":{"rendered":"Productivit\u00e9 (blog)"},"content":{"rendered":"\t\t<div data-elementor-type=\"wp-page\" data-elementor-id=\"57171\" class=\"elementor elementor-57171 elementor-57138\" data-elementor-post-type=\"page\">\n\t\t\t\t<div class=\"elementor-element elementor-element-aa26c34 e-flex e-con-boxed e-con e-parent\" data-id=\"aa26c34\" data-element_type=\"container\" data-e-type=\"container\" data-settings=\"{&quot;background_background&quot;:&quot;classic&quot;}\">\n\t\t\t\t\t<div class=\"e-con-inner\">\n\t\t<div class=\"elementor-element elementor-element-310e5b9 e-con-full e-flex e-con e-child\" data-id=\"310e5b9\" data-element_type=\"container\" data-e-type=\"container\">\n\t\t\t\t<div class=\"elementor-element elementor-element-d470009 elementor-widget elementor-widget-text-editor\" data-id=\"d470009\" data-element_type=\"widget\" data-e-type=\"widget\" data-widget_type=\"text-editor.default\">\n\t\t\t\t<div class=\"elementor-widget-container\">\n\t\t\t\t\t\t\t\t\t<p style=\"text-align: center;\"><a href=\"https:\/\/clustdoc.com\/blog\/fr\/\"><span style=\"font-size: 14px;\"><u>Tous<\/u><\/span><\/a><\/p>\t\t\t\t\t\t\t\t<\/div>\n\t\t\t\t<\/div>\n\t\t\t\t<div class=\"elementor-element elementor-element-225b598 elementor-widget elementor-widget-spacer\" data-id=\"225b598\" data-element_type=\"widget\" data-e-type=\"widget\" data-widget_type=\"spacer.default\">\n\t\t\t\t<div class=\"elementor-widget-container\">\n\t\t\t\t\t\t\t<div class=\"elementor-spacer\">\n\t\t\t<div class=\"elementor-spacer-inner\"><\/div>\n\t\t<\/div>\n\t\t\t\t\t\t<\/div>\n\t\t\t\t<\/div>\n\t\t\t\t<div class=\"elementor-element elementor-element-3a282f9 elementor-widget__width-initial betakit-transform transform-type-translate elementor-widget elementor-widget-heading\" data-id=\"3a282f9\" data-element_type=\"widget\" data-e-type=\"widget\" data-widget_type=\"heading.default\">\n\t\t\t\t<div class=\"elementor-widget-container\">\n\t\t\t\t\t<h1 id=\"productivite\" class=\"elementor-heading-title elementor-size-default\">Productivit\u00e9<\/h1>\t\t\t\t<\/div>\n\t\t\t\t<\/div>\n\t\t\t\t<div class=\"elementor-element elementor-element-109e4a1 elementor-widget-tablet__width-initial elementor-widget elementor-widget-text-editor\" data-id=\"109e4a1\" data-element_type=\"widget\" data-e-type=\"widget\" data-widget_type=\"text-editor.default\">\n\t\t\t\t<div class=\"elementor-widget-container\">\n\t\t\t\t\t\t\t\t\t<div id=\"message-list_1759238102.158679\" class=\"c-virtual_list__item\" tabindex=\"0\" role=\"listitem\" aria-setsize=\"-1\" data-qa=\"virtual-list-item\" data-item-key=\"1759238102.158679\"><div class=\"c-message_kit__background p-message_pane_message__message c-message_kit__message\" role=\"presentation\" data-qa=\"message_container\" data-qa-unprocessed=\"false\" data-qa-placeholder=\"false\"><div class=\"c-message_kit__hover\" role=\"document\" aria-roledescription=\"message\" data-qa-hover=\"true\"><div class=\"c-message_kit__actions c-message_kit__actions--default\"><div class=\"c-message_kit__gutter\"><div class=\"c-message_kit__gutter__right\" role=\"presentation\" data-qa=\"message_content\"><div class=\"c-message_kit__blocks c-message_kit__blocks--rich_text\"><div class=\"c-message__message_blocks c-message__message_blocks--rich_text\" data-qa=\"message-text\"><div class=\"p-block_kit_renderer\" data-qa=\"block-kit-renderer\"><div class=\"p-block_kit_renderer__block_wrapper p-block_kit_renderer__block_wrapper--first\"><div class=\"p-rich_text_block\" dir=\"auto\"><div class=\"p-rich_text_section\">Apprenez \u00e0 gagner du temps, optimiser vos processus et travailler plus efficacement, sans stress.<\/div><\/div><\/div><\/div><\/div><\/div><\/div><\/div><\/div><\/div><\/div><\/div>\t\t\t\t\t\t\t\t<\/div>\n\t\t\t\t<\/div>\n\t\t<div class=\"elementor-element elementor-element-ea17f18 e-con-full e-grid e-con e-child\" data-id=\"ea17f18\" data-element_type=\"container\" data-e-type=\"container\">\n\t\t\t\t<div class=\"elementor-element elementor-element-f98fb20 elementor-align-center elementor-widget elementor-widget-button\" data-id=\"f98fb20\" data-element_type=\"widget\" data-e-type=\"widget\" data-widget_type=\"button.default\">\n\t\t\t\t<div class=\"elementor-widget-container\">\n\t\t\t\t\t\t\t\t\t<div class=\"elementor-button-wrapper\">\n\t\t\t\t\t<a class=\"elementor-button elementor-button-link elementor-size-sm\" href=\"https:\/\/clustdoc.com\/fr\/blog\/digitalisation\/\">\n\t\t\t\t\t\t<span class=\"elementor-button-content-wrapper\">\n\t\t\t\t\t\t\t\t\t<span class=\"elementor-button-text\">Digitalisation<\/span>\n\t\t\t\t\t<\/span>\n\t\t\t\t\t<\/a>\n\t\t\t\t<\/div>\n\t\t\t\t\t\t\t\t<\/div>\n\t\t\t\t<\/div>\n\t\t\t\t<div class=\"elementor-element elementor-element-77e254c elementor-align-center elementor-widget elementor-widget-button\" data-id=\"77e254c\" data-element_type=\"widget\" data-e-type=\"widget\" data-widget_type=\"button.default\">\n\t\t\t\t<div class=\"elementor-widget-container\">\n\t\t\t\t\t\t\t\t\t<div class=\"elementor-button-wrapper\">\n\t\t\t\t\t<a class=\"elementor-button elementor-size-sm\" role=\"button\">\n\t\t\t\t\t\t<span class=\"elementor-button-content-wrapper\">\n\t\t\t\t\t\t\t\t\t<span class=\"elementor-button-text\">Productivit\u00e9<\/span>\n\t\t\t\t\t<\/span>\n\t\t\t\t\t<\/a>\n\t\t\t\t<\/div>\n\t\t\t\t\t\t\t\t<\/div>\n\t\t\t\t<\/div>\n\t\t\t\t<div class=\"elementor-element elementor-element-a09bf85 elementor-align-center elementor-widget elementor-widget-button\" data-id=\"a09bf85\" data-element_type=\"widget\" data-e-type=\"widget\" data-widget_type=\"button.default\">\n\t\t\t\t<div class=\"elementor-widget-container\">\n\t\t\t\t\t\t\t\t\t<div class=\"elementor-button-wrapper\">\n\t\t\t\t\t<a class=\"elementor-button elementor-button-link elementor-size-sm\" href=\"https:\/\/clustdoc.com\/fr\/blog\/relation-client\/\">\n\t\t\t\t\t\t<span class=\"elementor-button-content-wrapper\">\n\t\t\t\t\t\t\t\t\t<span class=\"elementor-button-text\">Relation Client<\/span>\n\t\t\t\t\t<\/span>\n\t\t\t\t\t<\/a>\n\t\t\t\t<\/div>\n\t\t\t\t\t\t\t\t<\/div>\n\t\t\t\t<\/div>\n\t\t\t\t<\/div>\n\t\t\t\t<\/div>\n\t\t\t\t\t<\/div>\n\t\t\t\t<\/div>\n\t\t<div class=\"elementor-element elementor-element-90f1d2b e-flex e-con-boxed e-con e-parent\" data-id=\"90f1d2b\" data-element_type=\"container\" data-e-type=\"container\">\n\t\t\t\t\t<div class=\"e-con-inner\">\n\t\t\t\t<div class=\"elementor-element elementor-element-e962242 elementor-grid-3 elementor-grid-tablet-2 elementor-grid-mobile-1 elementor-posts--thumbnail-top elementor-card-shadow-yes elementor-posts__hover-gradient elementor-widget elementor-widget-posts\" data-id=\"e962242\" data-element_type=\"widget\" data-e-type=\"widget\" data-settings=\"{&quot;pagination_type&quot;:&quot;numbers&quot;,&quot;cards_columns&quot;:&quot;3&quot;,&quot;cards_columns_tablet&quot;:&quot;2&quot;,&quot;cards_columns_mobile&quot;:&quot;1&quot;,&quot;cards_row_gap&quot;:{&quot;unit&quot;:&quot;px&quot;,&quot;size&quot;:35,&quot;sizes&quot;:[]},&quot;cards_row_gap_tablet&quot;:{&quot;unit&quot;:&quot;px&quot;,&quot;size&quot;:&quot;&quot;,&quot;sizes&quot;:[]},&quot;cards_row_gap_mobile&quot;:{&quot;unit&quot;:&quot;px&quot;,&quot;size&quot;:&quot;&quot;,&quot;sizes&quot;:[]}}\" data-widget_type=\"posts.cards\">\n\t\t\t\t<div class=\"elementor-widget-container\">\n\t\t\t\t\t\t\t<div class=\"elementor-posts-container elementor-posts elementor-posts--skin-cards elementor-grid\" role=\"list\">\n\t\t\t\t<article class=\"elementor-post elementor-grid-item post-48034 post type-post status-publish format-standard has-post-thumbnail hentry category-blog category-productivite nt-post-class \" role=\"listitem\">\n\t\t\t<div class=\"elementor-post__card\">\n\t\t\t\t<a class=\"elementor-post__thumbnail__link\" href=\"https:\/\/clustdoc.com\/fr\/blog\/alternatives-word\/\" tabindex=\"-1\" ><div class=\"elementor-post__thumbnail\"><img decoding=\"async\" width=\"300\" height=\"213\" src=\"https:\/\/clustdoc.com\/wp-content\/uploads\/2025\/10\/alternatives-a-word-300x213.png\" class=\"attachment-medium size-medium wp-image-47289\" alt=\"Les 9 meilleures alternatives Word\" srcset=\"https:\/\/clustdoc.com\/wp-content\/uploads\/2025\/10\/alternatives-a-word-300x213.png 300w, https:\/\/clustdoc.com\/wp-content\/uploads\/2025\/10\/alternatives-a-word-1024x726.png 1024w, https:\/\/clustdoc.com\/wp-content\/uploads\/2025\/10\/alternatives-a-word-768x545.png 768w, https:\/\/clustdoc.com\/wp-content\/uploads\/2025\/10\/alternatives-a-word-1536x1090.png 1536w, https:\/\/clustdoc.com\/wp-content\/uploads\/2025\/10\/alternatives-a-word-595x422.png 595w, https:\/\/clustdoc.com\/wp-content\/uploads\/2025\/10\/alternatives-a-word.png 1748w\" sizes=\"(max-width: 300px) 100vw, 300px\" \/><\/div><\/a>\n\t\t\t\t<div class=\"elementor-post__text\">\n\t\t\t\t<h3 id=\"les-9-meilleures-alternatives-word-2026\" class=\"elementor-post__title\">\n\t\t\t<a href=\"https:\/\/clustdoc.com\/fr\/blog\/alternatives-word\/\" >\n\t\t\t\tLes 9 meilleures alternatives Word (2026)\t\t\t<\/a>\n\t\t<\/h3>\n\t\t\t\t<div class=\"elementor-post__excerpt\">\n\t\t\t<p>D\u00e9couvrez les 9 meilleures alternatives \u00e0 Word pour moderniser votre fa\u00e7on de travailler et r\u00e9duire vos co\u00fbts.<\/p>\n\t\t<\/div>\n\t\t\t\t\t<div class=\"elementor-post__read-more-wrapper\">\n\t\t\n\t\t<a class=\"elementor-post__read-more\" href=\"https:\/\/clustdoc.com\/fr\/blog\/alternatives-word\/\" aria-label=\"En savoir plus sur Les 9 meilleures alternatives Word (2026)\" tabindex=\"-1\" >\n\t\t\tLire l'article\t\t<\/a>\n\n\t\t\t\t\t<\/div>\n\t\t\t\t<\/div>\n\t\t\t\t\t<\/div>\n\t\t<\/article>\n\t\t\t\t<article class=\"elementor-post elementor-grid-item post-48382 post type-post status-publish format-standard has-post-thumbnail hentry category-blog category-productivite nt-post-class \" role=\"listitem\">\n\t\t\t<div class=\"elementor-post__card\">\n\t\t\t\t<a class=\"elementor-post__thumbnail__link\" href=\"https:\/\/clustdoc.com\/fr\/blog\/integrations-crm\/\" tabindex=\"-1\" ><div class=\"elementor-post__thumbnail\"><img decoding=\"async\" width=\"300\" height=\"213\" src=\"https:\/\/clustdoc.com\/wp-content\/uploads\/2025\/10\/Blog-pictures-72-300x213.png\" class=\"attachment-medium size-medium wp-image-47313\" alt=\"7 int\u00e9grations CRM pour l\u2019automatisation des processus dans votre CRM\" srcset=\"https:\/\/clustdoc.com\/wp-content\/uploads\/2025\/10\/Blog-pictures-72-300x213.png 300w, https:\/\/clustdoc.com\/wp-content\/uploads\/2025\/10\/Blog-pictures-72-1024x726.png 1024w, https:\/\/clustdoc.com\/wp-content\/uploads\/2025\/10\/Blog-pictures-72-768x545.png 768w, https:\/\/clustdoc.com\/wp-content\/uploads\/2025\/10\/Blog-pictures-72-1536x1090.png 1536w, https:\/\/clustdoc.com\/wp-content\/uploads\/2025\/10\/Blog-pictures-72-595x422.png 595w, https:\/\/clustdoc.com\/wp-content\/uploads\/2025\/10\/Blog-pictures-72.png 1748w\" sizes=\"(max-width: 300px) 100vw, 300px\" \/><\/div><\/a>\n\t\t\t\t<div class=\"elementor-post__text\">\n\t\t\t\t<h3 id=\"7-integrations-crm-pour-automatiser-vos-processus-clients\" class=\"elementor-post__title\">\n\t\t\t<a href=\"https:\/\/clustdoc.com\/fr\/blog\/integrations-crm\/\" >\n\t\t\t\t7 int\u00e9grations CRM pour automatiser vos processus clients\t\t\t<\/a>\n\t\t<\/h3>\n\t\t\t\t<div class=\"elementor-post__excerpt\">\n\t\t\t<p>Voici 7 int\u00e9grations qui vous aideront dans l&#8217;automatisation de processus de votre CRM afin d&#8217;am\u00e9liorer votre exp\u00e9rience client et d&#8217;all\u00e9ger vos \u00e9quipes.<\/p>\n\t\t<\/div>\n\t\t\t\t\t<div class=\"elementor-post__read-more-wrapper\">\n\t\t\n\t\t<a class=\"elementor-post__read-more\" href=\"https:\/\/clustdoc.com\/fr\/blog\/integrations-crm\/\" aria-label=\"En savoir plus sur 7 int\u00e9grations CRM pour automatiser vos processus clients\" tabindex=\"-1\" >\n\t\t\tLire l'article\t\t<\/a>\n\n\t\t\t\t\t<\/div>\n\t\t\t\t<\/div>\n\t\t\t\t\t<\/div>\n\t\t<\/article>\n\t\t\t\t<article class=\"elementor-post elementor-grid-item post-48080 post type-post status-publish format-standard has-post-thumbnail hentry category-blog category-productivite nt-post-class \" role=\"listitem\">\n\t\t\t<div class=\"elementor-post__card\">\n\t\t\t\t<a class=\"elementor-post__thumbnail__link\" href=\"https:\/\/clustdoc.com\/fr\/blog\/logiciel-gestion-pme\/\" tabindex=\"-1\" ><div class=\"elementor-post__thumbnail\"><img decoding=\"async\" width=\"300\" height=\"213\" src=\"https:\/\/clustdoc.com\/wp-content\/uploads\/2025\/10\/Blog-pictures-68-300x213.png\" class=\"attachment-medium size-medium wp-image-47333\" alt=\"logiciel gestion pme\" srcset=\"https:\/\/clustdoc.com\/wp-content\/uploads\/2025\/10\/Blog-pictures-68-300x213.png 300w, https:\/\/clustdoc.com\/wp-content\/uploads\/2025\/10\/Blog-pictures-68-1024x726.png 1024w, https:\/\/clustdoc.com\/wp-content\/uploads\/2025\/10\/Blog-pictures-68-768x545.png 768w, https:\/\/clustdoc.com\/wp-content\/uploads\/2025\/10\/Blog-pictures-68-1536x1090.png 1536w, https:\/\/clustdoc.com\/wp-content\/uploads\/2025\/10\/Blog-pictures-68-595x422.png 595w, https:\/\/clustdoc.com\/wp-content\/uploads\/2025\/10\/Blog-pictures-68.png 1748w\" sizes=\"(max-width: 300px) 100vw, 300px\" \/><\/div><\/a>\n\t\t\t\t<div class=\"elementor-post__text\">\n\t\t\t\t<h3 id=\"logiciel-gestion-pme-les-27-solutions-a-explorer-en-2026\" class=\"elementor-post__title\">\n\t\t\t<a href=\"https:\/\/clustdoc.com\/fr\/blog\/logiciel-gestion-pme\/\" >\n\t\t\t\tLogiciel gestion PME : les 27 solutions \u00e0 explorer en 2026\t\t\t<\/a>\n\t\t<\/h3>\n\t\t\t\t<div class=\"elementor-post__excerpt\">\n\t\t\t<p>27 applications et outils qui deviendront incontournables pour les PME en qu\u00eate d\u2019efficacit\u00e9 et les managers soucieux d\u2019innovation.<\/p>\n\t\t<\/div>\n\t\t\t\t\t<div class=\"elementor-post__read-more-wrapper\">\n\t\t\n\t\t<a class=\"elementor-post__read-more\" href=\"https:\/\/clustdoc.com\/fr\/blog\/logiciel-gestion-pme\/\" aria-label=\"En savoir plus sur Logiciel gestion PME : les 27 solutions \u00e0 explorer en 2026\" tabindex=\"-1\" >\n\t\t\tLire l'article\t\t<\/a>\n\n\t\t\t\t\t<\/div>\n\t\t\t\t<\/div>\n\t\t\t\t\t<\/div>\n\t\t<\/article>\n\t\t\t\t<article class=\"elementor-post elementor-grid-item post-48003 post type-post status-publish format-standard has-post-thumbnail hentry category-blog category-productivite nt-post-class \" role=\"listitem\">\n\t\t\t<div class=\"elementor-post__card\">\n\t\t\t\t<a class=\"elementor-post__thumbnail__link\" href=\"https:\/\/clustdoc.com\/fr\/blog\/documents-kyc\/\" tabindex=\"-1\" ><div class=\"elementor-post__thumbnail\"><img decoding=\"async\" width=\"300\" height=\"213\" src=\"https:\/\/clustdoc.com\/wp-content\/uploads\/2025\/10\/onboarding-kyc-300x213.png\" class=\"attachment-medium size-medium wp-image-47351\" alt=\"collecte et le traitement de documents KYC\" srcset=\"https:\/\/clustdoc.com\/wp-content\/uploads\/2025\/10\/onboarding-kyc-300x213.png 300w, https:\/\/clustdoc.com\/wp-content\/uploads\/2025\/10\/onboarding-kyc-1024x726.png 1024w, https:\/\/clustdoc.com\/wp-content\/uploads\/2025\/10\/onboarding-kyc-768x545.png 768w, https:\/\/clustdoc.com\/wp-content\/uploads\/2025\/10\/onboarding-kyc-1536x1090.png 1536w, https:\/\/clustdoc.com\/wp-content\/uploads\/2025\/10\/onboarding-kyc-595x422.png 595w, https:\/\/clustdoc.com\/wp-content\/uploads\/2025\/10\/onboarding-kyc.png 1748w\" sizes=\"(max-width: 300px) 100vw, 300px\" \/><\/div><\/a>\n\t\t\t\t<div class=\"elementor-post__text\">\n\t\t\t\t<h3 id=\"comment-optimiser-la-collecte-et-le-traitement-de-documents-kyc\" class=\"elementor-post__title\">\n\t\t\t<a href=\"https:\/\/clustdoc.com\/fr\/blog\/documents-kyc\/\" >\n\t\t\t\tComment optimiser la collecte et le traitement de documents KYC ?\t\t\t<\/a>\n\t\t<\/h3>\n\t\t\t\t<div class=\"elementor-post__excerpt\">\n\t\t\t<p>D\u00e9couvrez les m\u00e9thodes efficaces pour simplifier et s\u00e9curiser la collecte de documents KYC pour allier conformit\u00e9, efficacit\u00e9 et exp\u00e9rience client.<\/p>\n\t\t<\/div>\n\t\t\t\t\t<div class=\"elementor-post__read-more-wrapper\">\n\t\t\n\t\t<a class=\"elementor-post__read-more\" href=\"https:\/\/clustdoc.com\/fr\/blog\/documents-kyc\/\" aria-label=\"En savoir plus sur Comment optimiser la collecte et le traitement de documents KYC ?\" tabindex=\"-1\" >\n\t\t\tLire l'article\t\t<\/a>\n\n\t\t\t\t\t<\/div>\n\t\t\t\t<\/div>\n\t\t\t\t\t<\/div>\n\t\t<\/article>\n\t\t\t\t<article class=\"elementor-post elementor-grid-item post-47253 post type-post status-publish format-standard has-post-thumbnail hentry category-blog category-productivite nt-post-class \" role=\"listitem\">\n\t\t\t<div class=\"elementor-post__card\">\n\t\t\t\t<a class=\"elementor-post__thumbnail__link\" href=\"https:\/\/clustdoc.com\/fr\/blog\/procedure-operationnelle-standard\/\" tabindex=\"-1\" ><div class=\"elementor-post__thumbnail\"><img decoding=\"async\" width=\"300\" height=\"213\" src=\"https:\/\/clustdoc.com\/wp-content\/uploads\/2025\/10\/Blog-pictures-56-300x213.png\" class=\"attachment-medium size-medium wp-image-46567\" alt=\"Qu\u2019est-ce qu\u2019une proc\u00e9dure op\u00e9rationnelle standard (SOP) ?\" srcset=\"https:\/\/clustdoc.com\/wp-content\/uploads\/2025\/10\/Blog-pictures-56-300x213.png 300w, https:\/\/clustdoc.com\/wp-content\/uploads\/2025\/10\/Blog-pictures-56-1024x726.png 1024w, https:\/\/clustdoc.com\/wp-content\/uploads\/2025\/10\/Blog-pictures-56-768x545.png 768w, https:\/\/clustdoc.com\/wp-content\/uploads\/2025\/10\/Blog-pictures-56-1536x1090.png 1536w, https:\/\/clustdoc.com\/wp-content\/uploads\/2025\/10\/Blog-pictures-56-595x422.png 595w, https:\/\/clustdoc.com\/wp-content\/uploads\/2025\/10\/Blog-pictures-56.png 1748w\" sizes=\"(max-width: 300px) 100vw, 300px\" \/><\/div><\/a>\n\t\t\t\t<div class=\"elementor-post__text\">\n\t\t\t\t<h3 id=\"quest-ce-quune-procedure-operationnelle-standard-sop\" class=\"elementor-post__title\">\n\t\t\t<a href=\"https:\/\/clustdoc.com\/fr\/blog\/procedure-operationnelle-standard\/\" >\n\t\t\t\tQu\u2019est-ce qu\u2019une proc\u00e9dure op\u00e9rationnelle standard (SOP) ?\t\t\t<\/a>\n\t\t<\/h3>\n\t\t\t\t<div class=\"elementor-post__excerpt\">\n\t\t\t<p>Une proc\u00e9dure op\u00e9ratoire standardis\u00e9e regroupe l&#8217;ensemble des \u00e9l\u00e9ments n\u00e9cessaires \u00e0 la mise en place d&#8217;une t\u00e2che professionnelle.<\/p>\n\t\t<\/div>\n\t\t\t\t\t<div class=\"elementor-post__read-more-wrapper\">\n\t\t\n\t\t<a class=\"elementor-post__read-more\" href=\"https:\/\/clustdoc.com\/fr\/blog\/procedure-operationnelle-standard\/\" aria-label=\"En savoir plus sur Qu\u2019est-ce qu\u2019une proc\u00e9dure op\u00e9rationnelle standard (SOP) ?\" tabindex=\"-1\" >\n\t\t\tLire l'article\t\t<\/a>\n\n\t\t\t\t\t<\/div>\n\t\t\t\t<\/div>\n\t\t\t\t\t<\/div>\n\t\t<\/article>\n\t\t\t\t<\/div>\n\t\t\n\t\t\t\t\t\t<\/div>\n\t\t\t\t<\/div>\n\t\t\t\t<div class=\"elementor-element elementor-element-3ba0928 elementor-widget elementor-widget-spacer\" data-id=\"3ba0928\" data-element_type=\"widget\" data-e-type=\"widget\" data-widget_type=\"spacer.default\">\n\t\t\t\t<div class=\"elementor-widget-container\">\n\t\t\t\t\t\t\t<div class=\"elementor-spacer\">\n\t\t\t<div class=\"elementor-spacer-inner\"><\/div>\n\t\t<\/div>\n\t\t\t\t\t\t<\/div>\n\t\t\t\t<\/div>\n\t\t\t\t\t<\/div>\n\t\t\t\t<\/div>\n\t\t\t\t<\/div>\n\t\t","protected":false},"excerpt":{"rendered":"<p>Tous Productivit\u00e9 Apprenez \u00e0 gagner du temps, optimiser vos processus et travailler plus efficacement, sans stress. Digitalisation Productivit\u00e9 Relation Client<\/p>\n","protected":false},"author":6,"featured_media":0,"parent":45905,"menu_order":11,"comment_status":"closed","ping_status":"closed","template":"elementor_header_footer","meta":{"footnotes":""},"class_list":["post-57171","page","type-page","status-publish","hentry","nt-post-class",""],"_links":{"self":[{"href":"https:\/\/clustdoc.com\/fr\/wp-json\/wp\/v2\/pages\/57171","targetHints":{"allow":["GET"]}}],"collection":[{"href":"https:\/\/clustdoc.com\/fr\/wp-json\/wp\/v2\/pages"}],"about":[{"href":"https:\/\/clustdoc.com\/fr\/wp-json\/wp\/v2\/types\/page"}],"author":[{"embeddable":true,"href":"https:\/\/clustdoc.com\/fr\/wp-json\/wp\/v2\/users\/6"}],"replies":[{"embeddable":true,"href":"https:\/\/clustdoc.com\/fr\/wp-json\/wp\/v2\/comments?post=57171"}],"version-history":[{"count":7,"href":"https:\/\/clustdoc.com\/fr\/wp-json\/wp\/v2\/pages\/57171\/revisions"}],"predecessor-version":[{"id":57195,"href":"https:\/\/clustdoc.com\/fr\/wp-json\/wp\/v2\/pages\/57171\/revisions\/57195"}],"up":[{"embeddable":true,"href":"https:\/\/clustdoc.com\/fr\/wp-json\/wp\/v2\/pages\/45905"}],"wp:attachment":[{"href":"https:\/\/clustdoc.com\/fr\/wp-json\/wp\/v2\/media?parent=57171"}],"curies":[{"name":"wp","href":"https:\/\/api.w.org\/{rel}","templated":true}]}}