{"id":57164,"date":"2025-12-10T11:29:00","date_gmt":"2025-12-10T11:29:00","guid":{"rendered":"https:\/\/clustdoc.com\/?page_id=57164"},"modified":"2025-12-10T11:40:49","modified_gmt":"2025-12-10T11:40:49","slug":"digitalisation","status":"publish","type":"page","link":"https:\/\/clustdoc.com\/fr\/blog\/digitalisation\/","title":{"rendered":"Digitalisation (blog)"},"content":{"rendered":"\t\t<div data-elementor-type=\"wp-page\" data-elementor-id=\"57164\" class=\"elementor elementor-57164 elementor-57132\" data-elementor-post-type=\"page\">\n\t\t\t\t<div class=\"elementor-element elementor-element-401fa9a e-flex e-con-boxed e-con e-parent\" data-id=\"401fa9a\" data-element_type=\"container\" data-e-type=\"container\" data-settings=\"{&quot;background_background&quot;:&quot;classic&quot;}\">\n\t\t\t\t\t<div class=\"e-con-inner\">\n\t\t<div class=\"elementor-element elementor-element-d7f679f e-con-full e-flex e-con e-child\" data-id=\"d7f679f\" data-element_type=\"container\" data-e-type=\"container\">\n\t\t\t\t<div class=\"elementor-element elementor-element-8eb61e3 elementor-widget elementor-widget-text-editor\" data-id=\"8eb61e3\" data-element_type=\"widget\" data-e-type=\"widget\" data-widget_type=\"text-editor.default\">\n\t\t\t\t<div class=\"elementor-widget-container\">\n\t\t\t\t\t\t\t\t\t<p style=\"text-align: center;\"><a href=\"https:\/\/clustdoc.com\/blog\/fr\/\"><span style=\"font-size: 14px;\"><u>Tous<\/u><\/span><\/a><\/p>\t\t\t\t\t\t\t\t<\/div>\n\t\t\t\t<\/div>\n\t\t\t\t<div class=\"elementor-element elementor-element-9ccd218 elementor-widget elementor-widget-spacer\" data-id=\"9ccd218\" data-element_type=\"widget\" data-e-type=\"widget\" data-widget_type=\"spacer.default\">\n\t\t\t\t<div class=\"elementor-widget-container\">\n\t\t\t\t\t\t\t<div class=\"elementor-spacer\">\n\t\t\t<div class=\"elementor-spacer-inner\"><\/div>\n\t\t<\/div>\n\t\t\t\t\t\t<\/div>\n\t\t\t\t<\/div>\n\t\t\t\t<div class=\"elementor-element elementor-element-8dcc953 elementor-widget__width-initial betakit-transform transform-type-translate elementor-widget elementor-widget-heading\" data-id=\"8dcc953\" data-element_type=\"widget\" data-e-type=\"widget\" data-widget_type=\"heading.default\">\n\t\t\t\t<div class=\"elementor-widget-container\">\n\t\t\t\t\t<h1 id=\"digitalisation\" class=\"elementor-heading-title elementor-size-default\">Digitalisation<\/h1>\t\t\t\t<\/div>\n\t\t\t\t<\/div>\n\t\t\t\t<div class=\"elementor-element elementor-element-1c9ee21 elementor-widget-tablet__width-initial elementor-widget elementor-widget-text-editor\" data-id=\"1c9ee21\" data-element_type=\"widget\" data-e-type=\"widget\" data-widget_type=\"text-editor.default\">\n\t\t\t\t<div class=\"elementor-widget-container\">\n\t\t\t\t\t\t\t\t\t<div id=\"message-list_1759238102.158679\" class=\"c-virtual_list__item\" tabindex=\"0\" role=\"listitem\" aria-setsize=\"-1\" data-qa=\"virtual-list-item\" data-item-key=\"1759238102.158679\"><div class=\"c-message_kit__background p-message_pane_message__message c-message_kit__message\" role=\"presentation\" data-qa=\"message_container\" data-qa-unprocessed=\"false\" data-qa-placeholder=\"false\"><div class=\"c-message_kit__hover\" role=\"document\" aria-roledescription=\"message\" data-qa-hover=\"true\"><div class=\"c-message_kit__actions c-message_kit__actions--default\"><div class=\"c-message_kit__gutter\"><div class=\"c-message_kit__gutter__right\" role=\"presentation\" data-qa=\"message_content\"><div class=\"c-message_kit__blocks c-message_kit__blocks--rich_text\"><div class=\"c-message__message_blocks c-message__message_blocks--rich_text\" data-qa=\"message-text\"><div class=\"p-block_kit_renderer\" data-qa=\"block-kit-renderer\"><div class=\"p-block_kit_renderer__block_wrapper p-block_kit_renderer__block_wrapper--first\"><div class=\"p-rich_text_block\" dir=\"auto\"><div class=\"p-rich_text_section\">R\u00e9inventez votre parcours d&#8217;onboarding client pour travailler plus efficacement, au quotidien.<\/div><\/div><\/div><\/div><\/div><\/div><\/div><\/div><\/div><\/div><\/div><\/div>\t\t\t\t\t\t\t\t<\/div>\n\t\t\t\t<\/div>\n\t\t<div class=\"elementor-element elementor-element-f0a7bcc e-con-full e-grid e-con e-child\" data-id=\"f0a7bcc\" data-element_type=\"container\" data-e-type=\"container\">\n\t\t\t\t<div class=\"elementor-element elementor-element-dbe7c7f elementor-align-center elementor-widget elementor-widget-button\" data-id=\"dbe7c7f\" data-element_type=\"widget\" data-e-type=\"widget\" data-widget_type=\"button.default\">\n\t\t\t\t<div class=\"elementor-widget-container\">\n\t\t\t\t\t\t\t\t\t<div class=\"elementor-button-wrapper\">\n\t\t\t\t\t<a class=\"elementor-button elementor-size-sm\" role=\"button\">\n\t\t\t\t\t\t<span class=\"elementor-button-content-wrapper\">\n\t\t\t\t\t\t\t\t\t<span class=\"elementor-button-text\">Digitalisation<\/span>\n\t\t\t\t\t<\/span>\n\t\t\t\t\t<\/a>\n\t\t\t\t<\/div>\n\t\t\t\t\t\t\t\t<\/div>\n\t\t\t\t<\/div>\n\t\t\t\t<div class=\"elementor-element elementor-element-23ce7ea elementor-align-center elementor-widget elementor-widget-button\" data-id=\"23ce7ea\" data-element_type=\"widget\" data-e-type=\"widget\" data-widget_type=\"button.default\">\n\t\t\t\t<div class=\"elementor-widget-container\">\n\t\t\t\t\t\t\t\t\t<div class=\"elementor-button-wrapper\">\n\t\t\t\t\t<a class=\"elementor-button elementor-button-link elementor-size-sm\" href=\"https:\/\/clustdoc.com\/fr\/blog\/productivite\/\">\n\t\t\t\t\t\t<span class=\"elementor-button-content-wrapper\">\n\t\t\t\t\t\t\t\t\t<span class=\"elementor-button-text\">Productivit\u00e9<\/span>\n\t\t\t\t\t<\/span>\n\t\t\t\t\t<\/a>\n\t\t\t\t<\/div>\n\t\t\t\t\t\t\t\t<\/div>\n\t\t\t\t<\/div>\n\t\t\t\t<div class=\"elementor-element elementor-element-f97cc40 elementor-align-center elementor-widget elementor-widget-button\" data-id=\"f97cc40\" data-element_type=\"widget\" data-e-type=\"widget\" data-widget_type=\"button.default\">\n\t\t\t\t<div class=\"elementor-widget-container\">\n\t\t\t\t\t\t\t\t\t<div class=\"elementor-button-wrapper\">\n\t\t\t\t\t<a class=\"elementor-button elementor-button-link elementor-size-sm\" href=\"https:\/\/clustdoc.com\/fr\/blog\/relation-client\/\">\n\t\t\t\t\t\t<span class=\"elementor-button-content-wrapper\">\n\t\t\t\t\t\t\t\t\t<span class=\"elementor-button-text\">Relation Client<\/span>\n\t\t\t\t\t<\/span>\n\t\t\t\t\t<\/a>\n\t\t\t\t<\/div>\n\t\t\t\t\t\t\t\t<\/div>\n\t\t\t\t<\/div>\n\t\t\t\t<\/div>\n\t\t\t\t<\/div>\n\t\t\t\t\t<\/div>\n\t\t\t\t<\/div>\n\t\t<div class=\"elementor-element elementor-element-afc5de4 e-flex e-con-boxed e-con e-parent\" data-id=\"afc5de4\" data-element_type=\"container\" data-e-type=\"container\">\n\t\t\t\t\t<div class=\"e-con-inner\">\n\t\t\t\t<div class=\"elementor-element elementor-element-3ac13bd elementor-grid-3 elementor-grid-tablet-2 elementor-grid-mobile-1 elementor-posts--thumbnail-top elementor-card-shadow-yes elementor-posts__hover-gradient elementor-widget elementor-widget-posts\" data-id=\"3ac13bd\" data-element_type=\"widget\" data-e-type=\"widget\" data-settings=\"{&quot;pagination_type&quot;:&quot;numbers&quot;,&quot;cards_columns&quot;:&quot;3&quot;,&quot;cards_columns_tablet&quot;:&quot;2&quot;,&quot;cards_columns_mobile&quot;:&quot;1&quot;,&quot;cards_row_gap&quot;:{&quot;unit&quot;:&quot;px&quot;,&quot;size&quot;:35,&quot;sizes&quot;:[]},&quot;cards_row_gap_tablet&quot;:{&quot;unit&quot;:&quot;px&quot;,&quot;size&quot;:&quot;&quot;,&quot;sizes&quot;:[]},&quot;cards_row_gap_mobile&quot;:{&quot;unit&quot;:&quot;px&quot;,&quot;size&quot;:&quot;&quot;,&quot;sizes&quot;:[]}}\" data-widget_type=\"posts.cards\">\n\t\t\t\t<div class=\"elementor-widget-container\">\n\t\t\t\t\t\t\t<div class=\"elementor-posts-container elementor-posts elementor-posts--skin-cards elementor-grid\" role=\"list\">\n\t\t\t\t<article class=\"elementor-post elementor-grid-item post-48027 post type-post status-publish format-standard has-post-thumbnail hentry category-blog category-digitalisation nt-post-class \" role=\"listitem\">\n\t\t\t<div class=\"elementor-post__card\">\n\t\t\t\t<a class=\"elementor-post__thumbnail__link\" href=\"https:\/\/clustdoc.com\/fr\/blog\/associations-et-groupements-cgpi\/\" tabindex=\"-1\" ><div class=\"elementor-post__thumbnail\"><img decoding=\"async\" width=\"300\" height=\"213\" src=\"https:\/\/clustdoc.com\/wp-content\/uploads\/2025\/10\/\u2b50\ufe0f-NEW-WEBSITE-ILLUSTRATIONS-\u2b50\ufe0f-5-300x213.png\" class=\"attachment-medium size-medium wp-image-47287\" alt=\"La liste des associations et groupements de CGPI\" srcset=\"https:\/\/clustdoc.com\/wp-content\/uploads\/2025\/10\/\u2b50\ufe0f-NEW-WEBSITE-ILLUSTRATIONS-\u2b50\ufe0f-5-300x213.png 300w, https:\/\/clustdoc.com\/wp-content\/uploads\/2025\/10\/\u2b50\ufe0f-NEW-WEBSITE-ILLUSTRATIONS-\u2b50\ufe0f-5-1024x726.png 1024w, https:\/\/clustdoc.com\/wp-content\/uploads\/2025\/10\/\u2b50\ufe0f-NEW-WEBSITE-ILLUSTRATIONS-\u2b50\ufe0f-5-768x545.png 768w, https:\/\/clustdoc.com\/wp-content\/uploads\/2025\/10\/\u2b50\ufe0f-NEW-WEBSITE-ILLUSTRATIONS-\u2b50\ufe0f-5-1536x1090.png 1536w, https:\/\/clustdoc.com\/wp-content\/uploads\/2025\/10\/\u2b50\ufe0f-NEW-WEBSITE-ILLUSTRATIONS-\u2b50\ufe0f-5-595x422.png 595w, https:\/\/clustdoc.com\/wp-content\/uploads\/2025\/10\/\u2b50\ufe0f-NEW-WEBSITE-ILLUSTRATIONS-\u2b50\ufe0f-5.png 1748w\" sizes=\"(max-width: 300px) 100vw, 300px\" \/><\/div><\/a>\n\t\t\t\t<div class=\"elementor-post__text\">\n\t\t\t\t<h3 id=\"la-liste-des-associations-et-groupements-de-cgpi\" class=\"elementor-post__title\">\n\t\t\t<a href=\"https:\/\/clustdoc.com\/fr\/blog\/associations-et-groupements-cgpi\/\" >\n\t\t\t\tLa liste des associations et groupements de CGPI\t\t\t<\/a>\n\t\t<\/h3>\n\t\t\t\t<div class=\"elementor-post__excerpt\">\n\t\t\t<p>Les associations et groupements de CGPI sont nombreux et restent une fabuleuse mani\u00e8re de partager avec vos pairs et de se faire accompagner.<\/p>\n\t\t<\/div>\n\t\t\t\t\t<div class=\"elementor-post__read-more-wrapper\">\n\t\t\n\t\t<a class=\"elementor-post__read-more\" href=\"https:\/\/clustdoc.com\/fr\/blog\/associations-et-groupements-cgpi\/\" aria-label=\"En savoir plus sur La liste des associations et groupements de CGPI\" tabindex=\"-1\" >\n\t\t\tLire l'article\t\t<\/a>\n\n\t\t\t\t\t<\/div>\n\t\t\t\t<\/div>\n\t\t\t\t\t<\/div>\n\t\t<\/article>\n\t\t\t\t<article class=\"elementor-post elementor-grid-item post-48073 post type-post status-publish format-standard has-post-thumbnail hentry category-blog category-digitalisation nt-post-class \" role=\"listitem\">\n\t\t\t<div class=\"elementor-post__card\">\n\t\t\t\t<a class=\"elementor-post__thumbnail__link\" href=\"https:\/\/clustdoc.com\/fr\/blog\/signature-electronique-word\/\" tabindex=\"-1\" ><div class=\"elementor-post__thumbnail\"><img decoding=\"async\" width=\"300\" height=\"213\" src=\"https:\/\/clustdoc.com\/wp-content\/uploads\/2025\/10\/Blog-pictures-73-300x213.png\" class=\"attachment-medium size-medium wp-image-47315\" alt=\"Signature \u00e9lectronique Word\" srcset=\"https:\/\/clustdoc.com\/wp-content\/uploads\/2025\/10\/Blog-pictures-73-300x213.png 300w, https:\/\/clustdoc.com\/wp-content\/uploads\/2025\/10\/Blog-pictures-73-1024x726.png 1024w, https:\/\/clustdoc.com\/wp-content\/uploads\/2025\/10\/Blog-pictures-73-768x545.png 768w, https:\/\/clustdoc.com\/wp-content\/uploads\/2025\/10\/Blog-pictures-73-1536x1090.png 1536w, https:\/\/clustdoc.com\/wp-content\/uploads\/2025\/10\/Blog-pictures-73-595x422.png 595w, https:\/\/clustdoc.com\/wp-content\/uploads\/2025\/10\/Blog-pictures-73.png 1748w\" sizes=\"(max-width: 300px) 100vw, 300px\" \/><\/div><\/a>\n\t\t\t\t<div class=\"elementor-post__text\">\n\t\t\t\t<h3 id=\"comment-creer-une-signature-electronique-sur-word\" class=\"elementor-post__title\">\n\t\t\t<a href=\"https:\/\/clustdoc.com\/fr\/blog\/signature-electronique-word\/\" >\n\t\t\t\tComment cr\u00e9er une signature \u00e9lectronique sur Word ?\t\t\t<\/a>\n\t\t<\/h3>\n\t\t\t\t<div class=\"elementor-post__excerpt\">\n\t\t\t<p>Besoin de faire signer un contrat rapidement. Pas de probl\u00e8me ! D\u00e9couvrez comment ajouter une signature \u00e9lectronique \u00e0 un document Word.<\/p>\n\t\t<\/div>\n\t\t\t\t\t<div class=\"elementor-post__read-more-wrapper\">\n\t\t\n\t\t<a class=\"elementor-post__read-more\" href=\"https:\/\/clustdoc.com\/fr\/blog\/signature-electronique-word\/\" aria-label=\"En savoir plus sur Comment cr\u00e9er une signature \u00e9lectronique sur Word ?\" tabindex=\"-1\" >\n\t\t\tLire l'article\t\t<\/a>\n\n\t\t\t\t\t<\/div>\n\t\t\t\t<\/div>\n\t\t\t\t\t<\/div>\n\t\t<\/article>\n\t\t\t\t<article class=\"elementor-post elementor-grid-item post-48369 post type-post status-publish format-standard has-post-thumbnail hentry category-blog category-digitalisation nt-post-class \" role=\"listitem\">\n\t\t\t<div class=\"elementor-post__card\">\n\t\t\t\t<a class=\"elementor-post__thumbnail__link\" href=\"https:\/\/clustdoc.com\/fr\/blog\/documents-rh\/\" tabindex=\"-1\" ><div class=\"elementor-post__thumbnail\"><img decoding=\"async\" width=\"300\" height=\"213\" src=\"https:\/\/clustdoc.com\/wp-content\/uploads\/2025\/10\/Cabinet-de-courtage-300x213.png\" class=\"attachment-medium size-medium wp-image-47355\" alt=\"Collecte de documents RH\" srcset=\"https:\/\/clustdoc.com\/wp-content\/uploads\/2025\/10\/Cabinet-de-courtage-300x213.png 300w, https:\/\/clustdoc.com\/wp-content\/uploads\/2025\/10\/Cabinet-de-courtage-1024x726.png 1024w, https:\/\/clustdoc.com\/wp-content\/uploads\/2025\/10\/Cabinet-de-courtage-768x545.png 768w, https:\/\/clustdoc.com\/wp-content\/uploads\/2025\/10\/Cabinet-de-courtage-1536x1090.png 1536w, https:\/\/clustdoc.com\/wp-content\/uploads\/2025\/10\/Cabinet-de-courtage-595x422.png 595w, https:\/\/clustdoc.com\/wp-content\/uploads\/2025\/10\/Cabinet-de-courtage.png 1748w\" sizes=\"(max-width: 300px) 100vw, 300px\" \/><\/div><\/a>\n\t\t\t\t<div class=\"elementor-post__text\">\n\t\t\t\t<h3 id=\"comment-digitaliser-les-documents-rh-de-nouveaux-employes\" class=\"elementor-post__title\">\n\t\t\t<a href=\"https:\/\/clustdoc.com\/fr\/blog\/documents-rh\/\" >\n\t\t\t\tComment digitaliser les documents RH de nouveaux employ\u00e9s ?\t\t\t<\/a>\n\t\t<\/h3>\n\t\t\t\t<div class=\"elementor-post__excerpt\">\n\t\t\t<p>Comment la collecte de documents RH r\u00e9volutionne la gestion des h\u00f4pitaux en am\u00e9liorant l&#8217;efficacit\u00e9, la conformit\u00e9 et la satisfaction des \u00e9quipes RH.<\/p>\n\t\t<\/div>\n\t\t\t\t\t<div class=\"elementor-post__read-more-wrapper\">\n\t\t\n\t\t<a class=\"elementor-post__read-more\" href=\"https:\/\/clustdoc.com\/fr\/blog\/documents-rh\/\" aria-label=\"En savoir plus sur Comment digitaliser les documents RH de nouveaux employ\u00e9s ?\" tabindex=\"-1\" >\n\t\t\tLire l'article\t\t<\/a>\n\n\t\t\t\t\t<\/div>\n\t\t\t\t<\/div>\n\t\t\t\t\t<\/div>\n\t\t<\/article>\n\t\t\t\t<article class=\"elementor-post elementor-grid-item post-48040 post type-post status-publish format-standard has-post-thumbnail hentry category-blog category-digitalisation nt-post-class \" role=\"listitem\">\n\t\t\t<div class=\"elementor-post__card\">\n\t\t\t\t<a class=\"elementor-post__thumbnail__link\" href=\"https:\/\/clustdoc.com\/fr\/blog\/demarches-simplifiees-fonctionnement-usage-et-alternative\/\" tabindex=\"-1\" ><div class=\"elementor-post__thumbnail\"><img decoding=\"async\" width=\"300\" height=\"213\" src=\"https:\/\/clustdoc.com\/wp-content\/uploads\/2025\/10\/\u2b50\ufe0f-NEW-WEBSITE-ILLUSTRATIONS-\u2b50\ufe0f-300x213.png\" class=\"attachment-medium size-medium wp-image-47291\" alt=\"D\u00e9marches simplifi\u00e9es : fonctionnement, usage et alternative\" srcset=\"https:\/\/clustdoc.com\/wp-content\/uploads\/2025\/10\/\u2b50\ufe0f-NEW-WEBSITE-ILLUSTRATIONS-\u2b50\ufe0f-300x213.png 300w, https:\/\/clustdoc.com\/wp-content\/uploads\/2025\/10\/\u2b50\ufe0f-NEW-WEBSITE-ILLUSTRATIONS-\u2b50\ufe0f-1024x726.png 1024w, https:\/\/clustdoc.com\/wp-content\/uploads\/2025\/10\/\u2b50\ufe0f-NEW-WEBSITE-ILLUSTRATIONS-\u2b50\ufe0f-768x545.png 768w, https:\/\/clustdoc.com\/wp-content\/uploads\/2025\/10\/\u2b50\ufe0f-NEW-WEBSITE-ILLUSTRATIONS-\u2b50\ufe0f-1536x1090.png 1536w, https:\/\/clustdoc.com\/wp-content\/uploads\/2025\/10\/\u2b50\ufe0f-NEW-WEBSITE-ILLUSTRATIONS-\u2b50\ufe0f-595x422.png 595w, https:\/\/clustdoc.com\/wp-content\/uploads\/2025\/10\/\u2b50\ufe0f-NEW-WEBSITE-ILLUSTRATIONS-\u2b50\ufe0f.png 1748w\" sizes=\"(max-width: 300px) 100vw, 300px\" \/><\/div><\/a>\n\t\t\t\t<div class=\"elementor-post__text\">\n\t\t\t\t<h3 id=\"demarches-simplifiees-fonctionnement-usage-et-alternative\" class=\"elementor-post__title\">\n\t\t\t<a href=\"https:\/\/clustdoc.com\/fr\/blog\/demarches-simplifiees-fonctionnement-usage-et-alternative\/\" >\n\t\t\t\tD\u00e9marches simplifi\u00e9es : fonctionnement, usage et alternative\t\t\t<\/a>\n\t\t<\/h3>\n\t\t\t\t<div class=\"elementor-post__excerpt\">\n\t\t\t<p>La solution D\u00e9marches Simplifi\u00e9es : on vous explique son fonctionnement, ce que vos \u00e9quipes peuvent en tirer, et les alternatives \u00e0 cet outil.<\/p>\n\t\t<\/div>\n\t\t\t\t\t<div class=\"elementor-post__read-more-wrapper\">\n\t\t\n\t\t<a class=\"elementor-post__read-more\" href=\"https:\/\/clustdoc.com\/fr\/blog\/demarches-simplifiees-fonctionnement-usage-et-alternative\/\" aria-label=\"En savoir plus sur D\u00e9marches simplifi\u00e9es : fonctionnement, usage et alternative\" tabindex=\"-1\" >\n\t\t\tLire l'article\t\t<\/a>\n\n\t\t\t\t\t<\/div>\n\t\t\t\t<\/div>\n\t\t\t\t\t<\/div>\n\t\t<\/article>\n\t\t\t\t<article class=\"elementor-post elementor-grid-item post-48009 post type-post status-publish format-standard has-post-thumbnail hentry category-blog category-digitalisation nt-post-class \" role=\"listitem\">\n\t\t\t<div class=\"elementor-post__card\">\n\t\t\t\t<a class=\"elementor-post__thumbnail__link\" href=\"https:\/\/clustdoc.com\/fr\/blog\/parcours-client-assurance\/\" tabindex=\"-1\" ><div class=\"elementor-post__thumbnail\"><img decoding=\"async\" width=\"300\" height=\"213\" src=\"https:\/\/clustdoc.com\/wp-content\/uploads\/2025\/10\/Assurance-300x213.png\" class=\"attachment-medium size-medium wp-image-47353\" alt=\"parcours client assurance\" srcset=\"https:\/\/clustdoc.com\/wp-content\/uploads\/2025\/10\/Assurance-300x213.png 300w, https:\/\/clustdoc.com\/wp-content\/uploads\/2025\/10\/Assurance-1024x726.png 1024w, https:\/\/clustdoc.com\/wp-content\/uploads\/2025\/10\/Assurance-768x545.png 768w, https:\/\/clustdoc.com\/wp-content\/uploads\/2025\/10\/Assurance-1536x1090.png 1536w, https:\/\/clustdoc.com\/wp-content\/uploads\/2025\/10\/Assurance-595x422.png 595w, https:\/\/clustdoc.com\/wp-content\/uploads\/2025\/10\/Assurance.png 1748w\" sizes=\"(max-width: 300px) 100vw, 300px\" \/><\/div><\/a>\n\t\t\t\t<div class=\"elementor-post__text\">\n\t\t\t\t<h3 id=\"les-grands-defis-du-parcours-client-en-assurance\" class=\"elementor-post__title\">\n\t\t\t<a href=\"https:\/\/clustdoc.com\/fr\/blog\/parcours-client-assurance\/\" >\n\t\t\t\tLes grands d\u00e9fis du parcours client en assurance\t\t\t<\/a>\n\t\t<\/h3>\n\t\t\t\t<div class=\"elementor-post__excerpt\">\n\t\t\t<p>Aujourd\u2019hui, plus que jamais, le parcours client est un levier essentiel pour fid\u00e9liser et se diff\u00e9rencier dans un march\u00e9 ultra-comp\u00e9titif.<\/p>\n\t\t<\/div>\n\t\t\t\t\t<div class=\"elementor-post__read-more-wrapper\">\n\t\t\n\t\t<a class=\"elementor-post__read-more\" href=\"https:\/\/clustdoc.com\/fr\/blog\/parcours-client-assurance\/\" aria-label=\"En savoir plus sur Les grands d\u00e9fis du parcours client en assurance\" tabindex=\"-1\" >\n\t\t\tLire l'article\t\t<\/a>\n\n\t\t\t\t\t<\/div>\n\t\t\t\t<\/div>\n\t\t\t\t\t<\/div>\n\t\t<\/article>\n\t\t\t\t<article class=\"elementor-post elementor-grid-item post-48405 post type-post status-publish format-standard has-post-thumbnail hentry category-blog category-digitalisation nt-post-class \" role=\"listitem\">\n\t\t\t<div class=\"elementor-post__card\">\n\t\t\t\t<a class=\"elementor-post__thumbnail__link\" href=\"https:\/\/clustdoc.com\/fr\/blog\/guide-onboarding-client\/\" tabindex=\"-1\" ><div class=\"elementor-post__thumbnail\"><img decoding=\"async\" width=\"300\" height=\"213\" src=\"https:\/\/clustdoc.com\/wp-content\/uploads\/2025\/10\/Blog-pictures-55-300x213.png\" class=\"attachment-medium size-medium wp-image-47305\" alt=\"Guide ultime de l\u2019onboarding client \u2013 En route vers le succ\u00e8s !\" srcset=\"https:\/\/clustdoc.com\/wp-content\/uploads\/2025\/10\/Blog-pictures-55-300x213.png 300w, https:\/\/clustdoc.com\/wp-content\/uploads\/2025\/10\/Blog-pictures-55-1024x726.png 1024w, https:\/\/clustdoc.com\/wp-content\/uploads\/2025\/10\/Blog-pictures-55-768x545.png 768w, https:\/\/clustdoc.com\/wp-content\/uploads\/2025\/10\/Blog-pictures-55-1536x1090.png 1536w, https:\/\/clustdoc.com\/wp-content\/uploads\/2025\/10\/Blog-pictures-55-595x422.png 595w, https:\/\/clustdoc.com\/wp-content\/uploads\/2025\/10\/Blog-pictures-55.png 1748w\" sizes=\"(max-width: 300px) 100vw, 300px\" \/><\/div><\/a>\n\t\t\t\t<div class=\"elementor-post__text\">\n\t\t\t\t<h3 id=\"guide-ultime-de-lonboarding-client-en-route-vers-le-succes\" class=\"elementor-post__title\">\n\t\t\t<a href=\"https:\/\/clustdoc.com\/fr\/blog\/guide-onboarding-client\/\" >\n\t\t\t\tGuide ultime de l\u2019onboarding client \u2013 En route vers le succ\u00e8s !\t\t\t<\/a>\n\t\t<\/h3>\n\t\t\t\t<div class=\"elementor-post__excerpt\">\n\t\t\t<p>Dans ce guide ultime du onboarding client, d\u00e9couvrons le concept plus en d\u00e9tails ainsi que les bonnes pratiques pour en faire votre arme secr\u00e8te.<\/p>\n\t\t<\/div>\n\t\t\t\t\t<div class=\"elementor-post__read-more-wrapper\">\n\t\t\n\t\t<a class=\"elementor-post__read-more\" href=\"https:\/\/clustdoc.com\/fr\/blog\/guide-onboarding-client\/\" aria-label=\"En savoir plus sur Guide ultime de l\u2019onboarding client \u2013 En route vers le succ\u00e8s !\" tabindex=\"-1\" >\n\t\t\tLire l'article\t\t<\/a>\n\n\t\t\t\t\t<\/div>\n\t\t\t\t<\/div>\n\t\t\t\t\t<\/div>\n\t\t<\/article>\n\t\t\t\t<\/div>\n\t\t\n\t\t\t\t\t\t<\/div>\n\t\t\t\t<\/div>\n\t\t\t\t<div class=\"elementor-element elementor-element-f9aa88d elementor-widget elementor-widget-spacer\" data-id=\"f9aa88d\" data-element_type=\"widget\" data-e-type=\"widget\" data-widget_type=\"spacer.default\">\n\t\t\t\t<div class=\"elementor-widget-container\">\n\t\t\t\t\t\t\t<div class=\"elementor-spacer\">\n\t\t\t<div class=\"elementor-spacer-inner\"><\/div>\n\t\t<\/div>\n\t\t\t\t\t\t<\/div>\n\t\t\t\t<\/div>\n\t\t\t\t\t<\/div>\n\t\t\t\t<\/div>\n\t\t\t\t<\/div>\n\t\t","protected":false},"excerpt":{"rendered":"<p>Tous Digitalisation R\u00e9inventez votre parcours d&#8217;onboarding client pour travailler plus efficacement, au quotidien. Digitalisation Productivit\u00e9 Relation Client<\/p>\n","protected":false},"author":6,"featured_media":0,"parent":45905,"menu_order":11,"comment_status":"closed","ping_status":"closed","template":"elementor_header_footer","meta":{"footnotes":""},"class_list":["post-57164","page","type-page","status-publish","hentry","nt-post-class",""],"_links":{"self":[{"href":"https:\/\/clustdoc.com\/fr\/wp-json\/wp\/v2\/pages\/57164","targetHints":{"allow":["GET"]}}],"collection":[{"href":"https:\/\/clustdoc.com\/fr\/wp-json\/wp\/v2\/pages"}],"about":[{"href":"https:\/\/clustdoc.com\/fr\/wp-json\/wp\/v2\/types\/page"}],"author":[{"embeddable":true,"href":"https:\/\/clustdoc.com\/fr\/wp-json\/wp\/v2\/users\/6"}],"replies":[{"embeddable":true,"href":"https:\/\/clustdoc.com\/fr\/wp-json\/wp\/v2\/comments?post=57164"}],"version-history":[{"count":11,"href":"https:\/\/clustdoc.com\/fr\/wp-json\/wp\/v2\/pages\/57164\/revisions"}],"predecessor-version":[{"id":57192,"href":"https:\/\/clustdoc.com\/fr\/wp-json\/wp\/v2\/pages\/57164\/revisions\/57192"}],"up":[{"embeddable":true,"href":"https:\/\/clustdoc.com\/fr\/wp-json\/wp\/v2\/pages\/45905"}],"wp:attachment":[{"href":"https:\/\/clustdoc.com\/fr\/wp-json\/wp\/v2\/media?parent=57164"}],"curies":[{"name":"wp","href":"https:\/\/api.w.org\/{rel}","templated":true}]}}