{"id":46179,"date":"2025-10-02T18:16:26","date_gmt":"2025-10-02T18:16:26","guid":{"rendered":"https:\/\/clustdoc.com\/plan-du-site\/"},"modified":"2025-12-09T09:25:54","modified_gmt":"2025-12-09T09:25:54","slug":"plan-du-site","status":"publish","type":"page","link":"https:\/\/clustdoc.com\/fr\/plan-du-site\/","title":{"rendered":"Plan du site"},"content":{"rendered":"\t\t<div data-elementor-type=\"wp-page\" data-elementor-id=\"46179\" class=\"elementor elementor-46179 elementor-46164\" data-elementor-post-type=\"page\">\n\t\t\t\t\t\t<div class=\"betakit-gap-no elementor-section elementor-top-section elementor-element elementor-element-e20a98f elementor-section-content-middle elementor-section-height-min-height elementor-section-boxed elementor-section-height-default elementor-section-items-middle\" data-id=\"e20a98f\" data-element_type=\"section\" data-e-type=\"section\" data-settings=\"{&quot;background_background&quot;:&quot;classic&quot;}\">\n\t\t\t\t\t\t<div class=\"elementor-container elementor-column-gap-no\">\n\t\t\t\t\t<div class=\"elementor-column elementor-col-100 elementor-top-column elementor-element elementor-element-e1bc073\" data-id=\"e1bc073\" data-element_type=\"column\" data-e-type=\"column\">\n\t\t\t<div class=\"elementor-widget-wrap elementor-element-populated\">\n\t\t\t\t\t\t<div class=\"elementor-element elementor-element-3dd29a7 betakit-transform transform-type-translate elementor-widget elementor-widget-heading\" data-id=\"3dd29a7\" data-element_type=\"widget\" data-e-type=\"widget\" data-widget_type=\"heading.default\">\n\t\t\t\t<div class=\"elementor-widget-container\">\n\t\t\t\t\t<h1 id=\"plan-du-site\" class=\"elementor-heading-title elementor-size-default\">Plan du site<\/h1>\t\t\t\t<\/div>\n\t\t\t\t<\/div>\n\t\t\t\t<div class=\"elementor-element elementor-element-df588c0 elementor-widget elementor-widget-spacer\" data-id=\"df588c0\" data-element_type=\"widget\" data-e-type=\"widget\" data-widget_type=\"spacer.default\">\n\t\t\t\t<div class=\"elementor-widget-container\">\n\t\t\t\t\t\t\t<div class=\"elementor-spacer\">\n\t\t\t<div class=\"elementor-spacer-inner\"><\/div>\n\t\t<\/div>\n\t\t\t\t\t\t<\/div>\n\t\t\t\t<\/div>\n\t\t\t\t<div class=\"elementor-element elementor-element-83baf56 betakit-transform transform-type-translate elementor-widget elementor-widget-heading\" data-id=\"83baf56\" data-element_type=\"widget\" data-e-type=\"widget\" data-widget_type=\"heading.default\">\n\t\t\t\t<div class=\"elementor-widget-container\">\n\t\t\t\t\t<h2 id=\"clustdoc\" class=\"elementor-heading-title elementor-size-default\"><a href=\"https:\/\/clustdoc.com\/fr\/\">Clustdoc <\/a><\/h2>\t\t\t\t<\/div>\n\t\t\t\t<\/div>\n\t\t\t\t<div class=\"elementor-element elementor-element-4fbd7c6 elementor-widget elementor-widget-text-editor\" data-id=\"4fbd7c6\" data-element_type=\"widget\" data-e-type=\"widget\" data-widget_type=\"text-editor.default\">\n\t\t\t\t<div class=\"elementor-widget-container\">\n\t\t\t\t\t\t\t\t\t<ul><li><a href=\"https:\/\/clustdoc.com\/fr\/fonctionnement\/\">Fonctionnement<\/a><\/li><li><a href=\"https:\/\/clustdoc.com\/fr\/demarrage\/\">Kit de d\u00e9marrage<\/a><\/li><li><a href=\"https:\/\/clustdoc.com\/fr\/avis-verifies\/\">Avis clients v\u00e9rifi\u00e9s<\/a><\/li><li><a href=\"https:\/\/clustdoc.com\/fr\/services\/\">Services professionnels<\/a><\/li><li><a href=\"https:\/\/clustdoc.com\/fr\/nos-offres\/\">Tarifs<\/a><\/li><li><a href=\"https:\/\/clustdoc.com\/fr\/rdv-decouverte\/\">Planifier un RDV d\u00e9couverte<\/a>\u00a0<\/li><\/ul>\t\t\t\t\t\t\t\t<\/div>\n\t\t\t\t<\/div>\n\t\t\t\t<div class=\"elementor-element elementor-element-d29768d betakit-transform transform-type-translate elementor-widget elementor-widget-heading\" data-id=\"d29768d\" data-element_type=\"widget\" data-e-type=\"widget\" data-widget_type=\"heading.default\">\n\t\t\t\t<div class=\"elementor-widget-container\">\n\t\t\t\t\t<h2 id=\"solutions\" class=\"elementor-heading-title elementor-size-default\"><a href=\"https:\/\/clustdoc.com\/fr\/solutions\/\">Solutions<\/a><\/h2>\t\t\t\t<\/div>\n\t\t\t\t<\/div>\n\t\t\t\t<div class=\"elementor-element elementor-element-9137f93 elementor-widget elementor-widget-text-editor\" data-id=\"9137f93\" data-element_type=\"widget\" data-e-type=\"widget\" data-widget_type=\"text-editor.default\">\n\t\t\t\t<div class=\"elementor-widget-container\">\n\t\t\t\t\t\t\t\t\t<ul><li style=\"list-style-type: none;\"><ul><li><a href=\"https:\/\/clustdoc.com\/fr\/solutions\/digital-onboarding\/\">Logiciel d&#8217;Onboarding Client <\/a><\/li><li><a href=\"https:\/\/clustdoc.com\/fr\/solutions\/logiciel-kyc\/\">Solution KYC<\/a><\/li><li><a href=\"https:\/\/clustdoc.com\/fr\/solutions\/logiciel-de-courtage\/\">Logiciel de courtage<\/a><\/li><li><a href=\"https:\/\/clustdoc.com\/fr\/solutions\/crm-comptable\/\">CRM Comptable<\/a><\/li><li><a href=\"https:\/\/clustdoc.com\/fr\/solutions\/logiciel-de-gestion-administrative\/\">Logiciel de gestion administrative<\/a><\/li><li><a href=\"https:\/\/clustdoc.com\/fr\/solutions\/crm-avocat\/\">Gestion de la relation client avocat<\/a><\/li><li><a href=\"https:\/\/clustdoc.com\/fr\/solutions\/logiciel-pour-organisme-de-formation\/\">Education<\/a><\/li><li><a href=\"https:\/\/clustdoc.com\/fr\/solutions\/gestion-de-la-relation-usager\/\">Logiciel de la relation usager<\/a><\/li><li><a href=\"https:\/\/clustdoc.com\/fr\/solutions\/logiciel-onboarding-rh\/\">Onboarding RH<\/a>\u00a0<\/li><li><a href=\"https:\/\/clustdoc.com\/fr\/solutions\/logiciel-immobilier\/\">Logiciel Immobilier<\/a><\/li><li><a href=\"https:\/\/clustdoc.com\/fr\/solutions\/prospection-immobiliere\/\">Prospection Immobili\u00e8re<\/a><\/li><li><a href=\"https:\/\/clustdoc.com\/fr\/solutions\/contrat-immobilier\/\">Gestion de contrats immobiliers<\/a><\/li><li><a href=\"https:\/\/clustdoc.com\/fr\/solutions\/onboarding-vendeurs\/\">Solution d&#8217;onboarding vendeurs\u00a0<\/a><\/li><li><a href=\"https:\/\/clustdoc.com\/fr\/solutions\/evaluation-des-tiers\/\">Gestion de fournisseurs<\/a><\/li><\/ul><\/li><\/ul>\t\t\t\t\t\t\t\t<\/div>\n\t\t\t\t<\/div>\n\t\t\t\t<div class=\"elementor-element elementor-element-f87e072 betakit-transform transform-type-translate elementor-widget elementor-widget-heading\" data-id=\"f87e072\" data-element_type=\"widget\" data-e-type=\"widget\" data-widget_type=\"heading.default\">\n\t\t\t\t<div class=\"elementor-widget-container\">\n\t\t\t\t\t<h2 id=\"fonctionnalites\" class=\"elementor-heading-title elementor-size-default\"><a href=\"https:\/\/clustdoc.com\/fr\/produits\/\">Fonctionnalit\u00e9s<\/a><\/h2>\t\t\t\t<\/div>\n\t\t\t\t<\/div>\n\t\t\t\t<div class=\"elementor-element elementor-element-0450b31 betakit-transform transform-type-translate elementor-widget elementor-widget-heading\" data-id=\"0450b31\" data-element_type=\"widget\" data-e-type=\"widget\" data-widget_type=\"heading.default\">\n\t\t\t\t<div class=\"elementor-widget-container\">\n\t\t\t\t\t<h3 id=\"dematerialisation\" class=\"elementor-heading-title elementor-size-default\">D\u00c9MAT\u00c9RIALISATION<\/h3>\t\t\t\t<\/div>\n\t\t\t\t<\/div>\n\t\t\t\t<div class=\"elementor-element elementor-element-2d82b62 elementor-widget elementor-widget-text-editor\" data-id=\"2d82b62\" data-element_type=\"widget\" data-e-type=\"widget\" data-widget_type=\"text-editor.default\">\n\t\t\t\t<div class=\"elementor-widget-container\">\n\t\t\t\t\t\t\t\t\t<ul><li><a href=\"https:\/\/clustdoc.com\/fr\/produits\/gestion-de-dossiers\/\"><span class=\"last\">Gestion de dossiers<\/span><\/a><\/li><li><a href=\"https:\/\/clustdoc.com\/fr\/produits\/formulaire-inscription-en-ligne\/\">Formulaire s\u00e9curis\u00e9<\/a><\/li><li><a href=\"https:\/\/clustdoc.com\/fr\/produits\/collecte-de-documents\/\">Collecte de documents<\/a><\/li><li><a href=\"https:\/\/clustdoc.com\/fr\/produits\/portail-client\/\">Portail Client<\/a><\/li><li><a href=\"https:\/\/clustdoc.com\/fr\/produits\/signatures-en-ligne\/\">Signature en ligne<\/a><\/li><\/ul>\t\t\t\t\t\t\t\t<\/div>\n\t\t\t\t<\/div>\n\t\t\t\t<div class=\"elementor-element elementor-element-b65f52b betakit-transform transform-type-translate elementor-widget elementor-widget-heading\" data-id=\"b65f52b\" data-element_type=\"widget\" data-e-type=\"widget\" data-widget_type=\"heading.default\">\n\t\t\t\t<div class=\"elementor-widget-container\">\n\t\t\t\t\t<h3 id=\"automatisation\" class=\"elementor-heading-title elementor-size-default\">AUTOMATISATION<\/h3>\t\t\t\t<\/div>\n\t\t\t\t<\/div>\n\t\t\t\t<div class=\"elementor-element elementor-element-706528a elementor-widget elementor-widget-text-editor\" data-id=\"706528a\" data-element_type=\"widget\" data-e-type=\"widget\" data-widget_type=\"text-editor.default\">\n\t\t\t\t<div class=\"elementor-widget-container\">\n\t\t\t\t\t\t\t\t\t<ul><li><a href=\"https:\/\/clustdoc.com\/fr\/produits\/logiciel-de-relance-client\/\">Relances Automatiques<\/a><\/li><li><a href=\"https:\/\/clustdoc.com\/fr\/produits\/workflow-de-validation\/\">Workflow de validation<\/a><\/li><li><a href=\"https:\/\/clustdoc.com\/fr\/produits\/crm-collaboratif\/\">CRM collaboratif<\/a><\/li><li><a href=\"https:\/\/clustdoc.com\/fr\/produits\/messagerie-collaborative\/\">Messagerie collaborative<\/a><\/li><li><a href=\"https:\/\/clustdoc.com\/fr\/produits\/logiciel-gestion-client\/\">Pilotage d&#8217;activit\u00e9<\/a><\/li><\/ul>\t\t\t\t\t\t\t\t<\/div>\n\t\t\t\t<\/div>\n\t\t\t\t<div class=\"elementor-element elementor-element-57f3efb betakit-transform transform-type-translate elementor-widget elementor-widget-heading\" data-id=\"57f3efb\" data-element_type=\"widget\" data-e-type=\"widget\" data-widget_type=\"heading.default\">\n\t\t\t\t<div class=\"elementor-widget-container\">\n\t\t\t\t\t<h3 id=\"conformite\" class=\"elementor-heading-title elementor-size-default\">CONFORMIT\u00c9<\/h3>\t\t\t\t<\/div>\n\t\t\t\t<\/div>\n\t\t\t\t<div class=\"elementor-element elementor-element-cd64ae7 elementor-widget elementor-widget-text-editor\" data-id=\"cd64ae7\" data-element_type=\"widget\" data-e-type=\"widget\" data-widget_type=\"text-editor.default\">\n\t\t\t\t<div class=\"elementor-widget-container\">\n\t\t\t\t\t\t\t\t\t<ul><li><a href=\"https:\/\/clustdoc.com\/fr\/produits\/automatisation-des-processus\/\">Gestion de Processus<\/a><\/li><li><a href=\"https:\/\/clustdoc.com\/fr\/produits\/verification-didentite\/\">V\u00e9rification d&#8217;identit\u00e9<\/a><\/li><li><a href=\"https:\/\/clustdoc.com\/fr\/produits\/scoring-client\/\">Scoring Client<\/a><\/li><li><a href=\"https:\/\/clustdoc.com\/fr\/produits\/gouvernance-des-donnees\/\">Gouvernance de donn\u00e9es<\/a><\/li><li><a href=\"https:\/\/clustdoc.com\/fr\/produits\/automatisation-du-flux-de-travail\/\">Solutions Grands Comptes<\/a><\/li><\/ul>\t\t\t\t\t\t\t\t<\/div>\n\t\t\t\t<\/div>\n\t\t\t\t<div class=\"elementor-element elementor-element-98fc90d betakit-transform transform-type-translate elementor-widget elementor-widget-heading\" data-id=\"98fc90d\" data-element_type=\"widget\" data-e-type=\"widget\" data-widget_type=\"heading.default\">\n\t\t\t\t<div class=\"elementor-widget-container\">\n\t\t\t\t\t<h3 id=\"outils\" class=\"elementor-heading-title elementor-size-default\">OUTILS<\/h3>\t\t\t\t<\/div>\n\t\t\t\t<\/div>\n\t\t\t\t<div class=\"elementor-element elementor-element-a4341e4 elementor-widget elementor-widget-text-editor\" data-id=\"a4341e4\" data-element_type=\"widget\" data-e-type=\"widget\" data-widget_type=\"text-editor.default\">\n\t\t\t\t<div class=\"elementor-widget-container\">\n\t\t\t\t\t\t\t\t\t<ul><li><a href=\"https:\/\/clustdoc.com\/fr\/produits\/crm-mobile\/\">Application Mobile<\/a><\/li><\/ul>\t\t\t\t\t\t\t\t<\/div>\n\t\t\t\t<\/div>\n\t\t\t\t<div class=\"elementor-element elementor-element-81ea672 betakit-transform transform-type-translate elementor-widget elementor-widget-heading\" data-id=\"81ea672\" data-element_type=\"widget\" data-e-type=\"widget\" data-widget_type=\"heading.default\">\n\t\t\t\t<div class=\"elementor-widget-container\">\n\t\t\t\t\t<h2 id=\"ressources\" class=\"elementor-heading-title elementor-size-default\"><a href=\"https:\/\/clustdoc.com\/platform\/\">Ressources<\/a><\/h2>\t\t\t\t<\/div>\n\t\t\t\t<\/div>\n\t\t\t\t<div class=\"elementor-element elementor-element-50a772c elementor-widget elementor-widget-text-editor\" data-id=\"50a772c\" data-element_type=\"widget\" data-e-type=\"widget\" data-widget_type=\"text-editor.default\">\n\t\t\t\t<div class=\"elementor-widget-container\">\n\t\t\t\t\t\t\t\t\t<ul><li><a href=\"https:\/\/clustdoc.com\/fr\/clients\/\">Nos Clients<\/a><\/li><li><a href=\"https:\/\/clustdoc.com\/fr\/livres-blancs\/\">Guides &amp; Livres Blancs<\/a><\/li><li><a href=\"https:\/\/clustdoc.com\/fr\/dossiers\/\">Dossiers d&#8217;Experts<\/a><\/li><li><a href=\"https:\/\/clustdoc.com\/fr\/webinaires\/\">Webinaires<\/a><\/li><li><a href=\"https:\/\/clustdoc.com\/fr\/blog\">Clustdoc blog<\/a><\/li><li><a href=\"https:\/\/clust-academy.teachable.com\/p\/presentation-de-clust\" target=\"_blank\" rel=\"noopener\">Clustdoc Acad\u00e9mie<\/a><\/li><li><a href=\"https:\/\/support.clustdoc.com\/fr\/\">Guide Utilisateur<\/a><\/li><li><a href=\"https:\/\/clustdoc.com\/developers\/\">D\u00e9veloppeurs<\/a><\/li><\/ul>\t\t\t\t\t\t\t\t<\/div>\n\t\t\t\t<\/div>\n\t\t\t\t<div class=\"elementor-element elementor-element-c653fd2 betakit-transform transform-type-translate elementor-widget elementor-widget-heading\" data-id=\"c653fd2\" data-element_type=\"widget\" data-e-type=\"widget\" data-widget_type=\"heading.default\">\n\t\t\t\t<div class=\"elementor-widget-container\">\n\t\t\t\t\t<h2 id=\"a-propos\" class=\"elementor-heading-title elementor-size-default\"><a href=\"https:\/\/clustdoc.com\/platform\/\">\u00c0 propos <\/a><\/h2>\t\t\t\t<\/div>\n\t\t\t\t<\/div>\n\t\t\t\t<div class=\"elementor-element elementor-element-2257f01 elementor-widget elementor-widget-text-editor\" data-id=\"2257f01\" data-element_type=\"widget\" data-e-type=\"widget\" data-widget_type=\"text-editor.default\">\n\t\t\t\t<div class=\"elementor-widget-container\">\n\t\t\t\t\t\t\t\t\t<ul><li><a href=\"https:\/\/clustdoc.com\/fr\/a-propos\/\">\u00c0 propos de Clustdoc<\/a><\/li><li><a href=\"https:\/\/www.indeed.com\/cmp\/Clust-Technologies-1\/jobs\" target=\"_blank\" rel=\"noopener\">On recrute<\/a><\/li><li><a href=\"https:\/\/clustdoc.com\/fr\/securite\/\">S\u00e9curit\u00e9<\/a><\/li><li><a href=\"https:\/\/clustdoc.com\/fr\/partenaires\/\">Partenaires<\/a><\/li><li><a href=\"https:\/\/clustdoc.com\/fr\/contact\/\">Contact<\/a><\/li><li><a href=\"https:\/\/clustdoc.com\/fr\/terms\/\">Conditions de Service<\/a><\/li><li><a href=\"https:\/\/clustdoc.com\/fr\/privacy\/\">Confidentialit\u00e9<\/a><\/li><li><a href=\"https:\/\/clustdoc.com\/fr\/legal\/\">Mentions L\u00e9gales<\/a><\/li><\/ul>\t\t\t\t\t\t\t\t<\/div>\n\t\t\t\t<\/div>\n\t\t\t\t<div class=\"elementor-element elementor-element-c93fea5 elementor-widget elementor-widget-spacer\" data-id=\"c93fea5\" data-element_type=\"widget\" data-e-type=\"widget\" data-widget_type=\"spacer.default\">\n\t\t\t\t<div class=\"elementor-widget-container\">\n\t\t\t\t\t\t\t<div class=\"elementor-spacer\">\n\t\t\t<div class=\"elementor-spacer-inner\"><\/div>\n\t\t<\/div>\n\t\t\t\t\t\t<\/div>\n\t\t\t\t<\/div>\n\t\t\t\t\t<\/div>\n\t\t<\/div>\n\t\t\t\t\t<\/div>\n\t\t<\/div>\n\t\t\t\t<\/div>\n\t\t","protected":false},"excerpt":{"rendered":"<p>Plan du site Clustdoc Fonctionnement Kit de d\u00e9marrage Avis clients v\u00e9rifi\u00e9s Services professionnels Tarifs Planifier un RDV d\u00e9couverte\u00a0 Solutions Logiciel d&#8217;Onboarding Client Solution KYC Logiciel de courtage CRM Comptable Logiciel de gestion administrative Gestion de la relation client avocat Education Logiciel de la relation usager Onboarding RH\u00a0 Logiciel Immobilier Prospection Immobili\u00e8re Gestion de contrats immobiliers&#8230;<\/p>\n","protected":false},"author":6,"featured_media":0,"parent":0,"menu_order":9,"comment_status":"closed","ping_status":"closed","template":"elementor_header_footer","meta":{"footnotes":""},"class_list":{"0":"post-46179","1":"page","2":"type-page","3":"status-publish","4":"hentry","5":"nt-post-class","6":"","7":"thumb-none","9":"excerpt-none"},"_links":{"self":[{"href":"https:\/\/clustdoc.com\/fr\/wp-json\/wp\/v2\/pages\/46179","targetHints":{"allow":["GET"]}}],"collection":[{"href":"https:\/\/clustdoc.com\/fr\/wp-json\/wp\/v2\/pages"}],"about":[{"href":"https:\/\/clustdoc.com\/fr\/wp-json\/wp\/v2\/types\/page"}],"author":[{"embeddable":true,"href":"https:\/\/clustdoc.com\/fr\/wp-json\/wp\/v2\/users\/6"}],"replies":[{"embeddable":true,"href":"https:\/\/clustdoc.com\/fr\/wp-json\/wp\/v2\/comments?post=46179"}],"version-history":[{"count":38,"href":"https:\/\/clustdoc.com\/fr\/wp-json\/wp\/v2\/pages\/46179\/revisions"}],"predecessor-version":[{"id":57084,"href":"https:\/\/clustdoc.com\/fr\/wp-json\/wp\/v2\/pages\/46179\/revisions\/57084"}],"wp:attachment":[{"href":"https:\/\/clustdoc.com\/fr\/wp-json\/wp\/v2\/media?parent=46179"}],"curies":[{"name":"wp","href":"https:\/\/api.w.org\/{rel}","templated":true}]}}