{"id":40216,"date":"2025-05-23T13:02:19","date_gmt":"2025-05-23T13:02:19","guid":{"rendered":"https:\/\/clustdoc.com\/?page_id=40216"},"modified":"2025-12-08T12:15:42","modified_gmt":"2025-12-08T12:15:42","slug":"ameliorer-la-collaboration","status":"publish","type":"page","link":"https:\/\/clustdoc.com\/fr\/dossiers\/ameliorer-la-collaboration\/","title":{"rendered":"Am\u00e9liorer la collaboration"},"content":{"rendered":"\t\t<div data-elementor-type=\"wp-page\" data-elementor-id=\"40216\" class=\"elementor elementor-40216\" data-elementor-post-type=\"page\">\n\t\t\t\t<div class=\"elementor-element elementor-element-11509b56 e-con-full e-flex e-con e-parent\" data-id=\"11509b56\" data-element_type=\"container\" data-e-type=\"container\" data-settings=\"{&quot;background_background&quot;:&quot;classic&quot;}\">\n\t\t\t\t<div class=\"elementor-element elementor-element-2f50090 elementor-widget elementor-widget-spacer\" data-id=\"2f50090\" data-element_type=\"widget\" data-e-type=\"widget\" data-widget_type=\"spacer.default\">\n\t\t\t\t<div class=\"elementor-widget-container\">\n\t\t\t\t\t\t\t<div class=\"elementor-spacer\">\n\t\t\t<div class=\"elementor-spacer-inner\"><\/div>\n\t\t<\/div>\n\t\t\t\t\t\t<\/div>\n\t\t\t\t<\/div>\n\t\t\t\t<div class=\"elementor-element elementor-element-957bd76 betakit-transform transform-type-translate elementor-widget elementor-widget-heading\" data-id=\"957bd76\" data-element_type=\"widget\" data-e-type=\"widget\" data-widget_type=\"heading.default\">\n\t\t\t\t<div class=\"elementor-widget-container\">\n\t\t\t\t\t<h1 id=\"expertise-onboarding\" class=\"elementor-heading-title elementor-size-default\">Expertise {Onboarding}<\/h1>\t\t\t\t<\/div>\n\t\t\t\t<\/div>\n\t\t\t\t<div class=\"elementor-element elementor-element-4222571b elementor-widget elementor-widget-spacer\" data-id=\"4222571b\" data-element_type=\"widget\" data-e-type=\"widget\" data-widget_type=\"spacer.default\">\n\t\t\t\t<div class=\"elementor-widget-container\">\n\t\t\t\t\t\t\t<div class=\"elementor-spacer\">\n\t\t\t<div class=\"elementor-spacer-inner\"><\/div>\n\t\t<\/div>\n\t\t\t\t\t\t<\/div>\n\t\t\t\t<\/div>\n\t\t\t\t<div class=\"elementor-element elementor-element-b5ae78e betakit-transform transform-type-translate elementor-widget elementor-widget-heading\" data-id=\"b5ae78e\" data-element_type=\"widget\" data-e-type=\"widget\" data-widget_type=\"heading.default\">\n\t\t\t\t<div class=\"elementor-widget-container\">\n\t\t\t\t\t<p class=\"elementor-heading-title elementor-size-default\">Strat\u00e9gies &amp; bonnes pratiques pour une meilleure collaboration interne &amp; externe.<\/p>\t\t\t\t<\/div>\n\t\t\t\t<\/div>\n\t\t\t\t<div class=\"elementor-element elementor-element-583e519f elementor-widget elementor-widget-spacer\" data-id=\"583e519f\" data-element_type=\"widget\" data-e-type=\"widget\" data-widget_type=\"spacer.default\">\n\t\t\t\t<div class=\"elementor-widget-container\">\n\t\t\t\t\t\t\t<div class=\"elementor-spacer\">\n\t\t\t<div class=\"elementor-spacer-inner\"><\/div>\n\t\t<\/div>\n\t\t\t\t\t\t<\/div>\n\t\t\t\t<\/div>\n\t\t\t\t<div class=\"elementor-element elementor-element-58435692 elementor-align-center elementor-widget elementor-widget-breadcrumbs\" data-id=\"58435692\" data-element_type=\"widget\" data-e-type=\"widget\" data-widget_type=\"breadcrumbs.default\">\n\t\t\t\t<div class=\"elementor-widget-container\">\n\t\t\t\t\t<nav aria-label=\"breadcrumbs\" class=\"rank-math-breadcrumb\"><p><\/p><\/nav>\t\t\t\t<\/div>\n\t\t\t\t<\/div>\n\t\t\t\t<div class=\"elementor-element elementor-element-4c2fd4bf elementor-widget elementor-widget-spacer\" data-id=\"4c2fd4bf\" data-element_type=\"widget\" data-e-type=\"widget\" data-widget_type=\"spacer.default\">\n\t\t\t\t<div class=\"elementor-widget-container\">\n\t\t\t\t\t\t\t<div class=\"elementor-spacer\">\n\t\t\t<div class=\"elementor-spacer-inner\"><\/div>\n\t\t<\/div>\n\t\t\t\t\t\t<\/div>\n\t\t\t\t<\/div>\n\t\t\t\t<\/div>\n\t\t<div class=\"elementor-element elementor-element-43229f8d e-flex e-con-boxed e-con e-parent\" data-id=\"43229f8d\" data-element_type=\"container\" data-e-type=\"container\">\n\t\t\t\t\t<div class=\"e-con-inner\">\n\t\t\t\t<div class=\"elementor-element elementor-element-71636023 elementor-widget elementor-widget-spacer\" data-id=\"71636023\" data-element_type=\"widget\" data-e-type=\"widget\" data-widget_type=\"spacer.default\">\n\t\t\t\t<div class=\"elementor-widget-container\">\n\t\t\t\t\t\t\t<div class=\"elementor-spacer\">\n\t\t\t<div class=\"elementor-spacer-inner\"><\/div>\n\t\t<\/div>\n\t\t\t\t\t\t<\/div>\n\t\t\t\t<\/div>\n\t\t<div class=\"elementor-element elementor-element-6ededaa1 e-con-full e-grid e-con e-child\" data-id=\"6ededaa1\" data-element_type=\"container\" data-e-type=\"container\">\n\t\t\t\t<div class=\"elementor-element elementor-element-689fae46 elementor-align-center elementor-widget elementor-widget-button\" data-id=\"689fae46\" data-element_type=\"widget\" data-e-type=\"widget\" data-widget_type=\"button.default\">\n\t\t\t\t<div class=\"elementor-widget-container\">\n\t\t\t\t\t\t\t\t\t<div class=\"elementor-button-wrapper\">\n\t\t\t\t\t<a class=\"elementor-button elementor-button-link elementor-size-sm\" href=\"https:\/\/clustdoc.com\/fr\/dossiers\/gerer-ses-dossiers-clients\/\">\n\t\t\t\t\t\t<span class=\"elementor-button-content-wrapper\">\n\t\t\t\t\t\t\t\t\t<span class=\"elementor-button-text\">G\u00e9rer ses dossiers clients<\/span>\n\t\t\t\t\t<\/span>\n\t\t\t\t\t<\/a>\n\t\t\t\t<\/div>\n\t\t\t\t\t\t\t\t<\/div>\n\t\t\t\t<\/div>\n\t\t\t\t<div class=\"elementor-element elementor-element-4ef47367 elementor-align-center elementor-widget elementor-widget-button\" data-id=\"4ef47367\" data-element_type=\"widget\" data-e-type=\"widget\" data-widget_type=\"button.default\">\n\t\t\t\t<div class=\"elementor-widget-container\">\n\t\t\t\t\t\t\t\t\t<div class=\"elementor-button-wrapper\">\n\t\t\t\t\t<a class=\"elementor-button elementor-button-link elementor-size-sm\" href=\"https:\/\/clustdoc.com\/fr\/dossiers\/optimiser-ses-processus\/\">\n\t\t\t\t\t\t<span class=\"elementor-button-content-wrapper\">\n\t\t\t\t\t\t\t\t\t<span class=\"elementor-button-text\">Optimiser ses processus<\/span>\n\t\t\t\t\t<\/span>\n\t\t\t\t\t<\/a>\n\t\t\t\t<\/div>\n\t\t\t\t\t\t\t\t<\/div>\n\t\t\t\t<\/div>\n\t\t\t\t<div class=\"elementor-element elementor-element-14be6603 elementor-align-center elementor-widget elementor-widget-button\" data-id=\"14be6603\" data-element_type=\"widget\" data-e-type=\"widget\" data-widget_type=\"button.default\">\n\t\t\t\t<div class=\"elementor-widget-container\">\n\t\t\t\t\t\t\t\t\t<div class=\"elementor-button-wrapper\">\n\t\t\t\t\t<a class=\"elementor-button elementor-button-link elementor-size-sm\" href=\"https:\/\/clustdoc.com\/fr\/dossiers\/securiser-son-activite\/\">\n\t\t\t\t\t\t<span class=\"elementor-button-content-wrapper\">\n\t\t\t\t\t\t\t\t\t<span class=\"elementor-button-text\">S\u00e9curiser son activit\u00e9<\/span>\n\t\t\t\t\t<\/span>\n\t\t\t\t\t<\/a>\n\t\t\t\t<\/div>\n\t\t\t\t\t\t\t\t<\/div>\n\t\t\t\t<\/div>\n\t\t\t\t<div class=\"elementor-element elementor-element-34d12645 elementor-align-center elementor-widget elementor-widget-button\" data-id=\"34d12645\" data-element_type=\"widget\" data-e-type=\"widget\" data-widget_type=\"button.default\">\n\t\t\t\t<div class=\"elementor-widget-container\">\n\t\t\t\t\t\t\t\t\t<div class=\"elementor-button-wrapper\">\n\t\t\t\t\t<a class=\"elementor-button elementor-button-link elementor-size-sm\" href=\"https:\/\/clustdoc.com\/fr\/dossiers\/ameliorer-la-collaboration\/\">\n\t\t\t\t\t\t<span class=\"elementor-button-content-wrapper\">\n\t\t\t\t\t\t\t\t\t<span class=\"elementor-button-text\">Am\u00e9liorer la collaboration<\/span>\n\t\t\t\t\t<\/span>\n\t\t\t\t\t<\/a>\n\t\t\t\t<\/div>\n\t\t\t\t\t\t\t\t<\/div>\n\t\t\t\t<\/div>\n\t\t\t\t<div class=\"elementor-element elementor-element-439be9f elementor-align-center elementor-widget elementor-widget-button\" data-id=\"439be9f\" data-element_type=\"widget\" data-e-type=\"widget\" data-widget_type=\"button.default\">\n\t\t\t\t<div class=\"elementor-widget-container\">\n\t\t\t\t\t\t\t\t\t<div class=\"elementor-button-wrapper\">\n\t\t\t\t\t<a class=\"elementor-button elementor-button-link elementor-size-sm\" href=\"https:\/\/clustdoc.com\/fr\/dossiers\/simplifier-le-parcours-client\/\">\n\t\t\t\t\t\t<span class=\"elementor-button-content-wrapper\">\n\t\t\t\t\t\t\t\t\t<span class=\"elementor-button-text\">Simplifier le parcours client<\/span>\n\t\t\t\t\t<\/span>\n\t\t\t\t\t<\/a>\n\t\t\t\t<\/div>\n\t\t\t\t\t\t\t\t<\/div>\n\t\t\t\t<\/div>\n\t\t\t\t<\/div>\n\t\t\t\t\t<\/div>\n\t\t\t\t<\/div>\n\t\t<div class=\"elementor-element elementor-element-141eb0b3 e-flex e-con-boxed e-con e-parent\" data-id=\"141eb0b3\" data-element_type=\"container\" data-e-type=\"container\">\n\t\t\t\t\t<div class=\"e-con-inner\">\n\t\t\t\t<div class=\"elementor-element elementor-element-12930098 elementor-widget elementor-widget-spacer\" data-id=\"12930098\" data-element_type=\"widget\" data-e-type=\"widget\" data-widget_type=\"spacer.default\">\n\t\t\t\t<div class=\"elementor-widget-container\">\n\t\t\t\t\t\t\t<div class=\"elementor-spacer\">\n\t\t\t<div class=\"elementor-spacer-inner\"><\/div>\n\t\t<\/div>\n\t\t\t\t\t\t<\/div>\n\t\t\t\t<\/div>\n\t\t\t\t<div class=\"elementor-element elementor-element-50d49daa elementor-grid-3 elementor-grid-tablet-2 elementor-grid-mobile-1 elementor-posts--thumbnail-top elementor-card-shadow-yes elementor-posts__hover-gradient elementor-widget elementor-widget-posts\" data-id=\"50d49daa\" data-element_type=\"widget\" data-e-type=\"widget\" data-settings=\"{&quot;pagination_type&quot;:&quot;numbers&quot;,&quot;cards_columns&quot;:&quot;3&quot;,&quot;cards_columns_tablet&quot;:&quot;2&quot;,&quot;cards_columns_mobile&quot;:&quot;1&quot;,&quot;cards_row_gap&quot;:{&quot;unit&quot;:&quot;px&quot;,&quot;size&quot;:35,&quot;sizes&quot;:[]},&quot;cards_row_gap_tablet&quot;:{&quot;unit&quot;:&quot;px&quot;,&quot;size&quot;:&quot;&quot;,&quot;sizes&quot;:[]},&quot;cards_row_gap_mobile&quot;:{&quot;unit&quot;:&quot;px&quot;,&quot;size&quot;:&quot;&quot;,&quot;sizes&quot;:[]}}\" data-widget_type=\"posts.cards\">\n\t\t\t\t<div class=\"elementor-widget-container\">\n\t\t\t\t\t\t\t<div class=\"elementor-posts-container elementor-posts elementor-posts--skin-cards elementor-grid\" role=\"list\">\n\t\t\t\t<article class=\"elementor-post elementor-grid-item post-41534 post type-post status-publish format-standard has-post-thumbnail hentry category-ameliorer-la-collaboration category-dossiers nt-post-class \" role=\"listitem\">\n\t\t\t<div class=\"elementor-post__card\">\n\t\t\t\t<a class=\"elementor-post__thumbnail__link\" href=\"https:\/\/clustdoc.com\/fr\/dossiers\/gestion-administrative\/\" tabindex=\"-1\" ><div class=\"elementor-post__thumbnail\"><img decoding=\"async\" width=\"300\" height=\"214\" src=\"https:\/\/clustdoc.com\/wp-content\/uploads\/2025\/05\/Comment-simplifier-la-gestion-administrative-pour-vos-equipes-back-office-1-300x214.jpg\" class=\"attachment-medium size-medium wp-image-41538\" alt=\"La gestion administrative ne devrait pas freiner votre activit\u00e9. D\u00e9couvrez une m\u00e9thode simple et efficace pour transformer vos processus quotidiens et lib\u00e9rer vos \u00e9quipes du chaos administratif.\" srcset=\"https:\/\/clustdoc.com\/wp-content\/uploads\/2025\/05\/Comment-simplifier-la-gestion-administrative-pour-vos-equipes-back-office-1-300x214.jpg 300w, https:\/\/clustdoc.com\/wp-content\/uploads\/2025\/05\/Comment-simplifier-la-gestion-administrative-pour-vos-equipes-back-office-1-1024x731.jpg 1024w, https:\/\/clustdoc.com\/wp-content\/uploads\/2025\/05\/Comment-simplifier-la-gestion-administrative-pour-vos-equipes-back-office-1-768x548.jpg 768w, https:\/\/clustdoc.com\/wp-content\/uploads\/2025\/05\/Comment-simplifier-la-gestion-administrative-pour-vos-equipes-back-office-1-1536x1097.jpg 1536w, https:\/\/clustdoc.com\/wp-content\/uploads\/2025\/05\/Comment-simplifier-la-gestion-administrative-pour-vos-equipes-back-office-1.jpg 1654w\" sizes=\"(max-width: 300px) 100vw, 300px\" \/><\/div><\/a>\n\t\t\t\t<div class=\"elementor-post__badge\">Am\u00e9liorer la collaboration<\/div>\n\t\t\t\t<div class=\"elementor-post__text\">\n\t\t\t\t<h3 id=\"comment-simplifier-la-gestion-administrative-pour-vos-equipes-back-office\" class=\"elementor-post__title\">\n\t\t\t<a href=\"https:\/\/clustdoc.com\/fr\/dossiers\/gestion-administrative\/\" >\n\t\t\t\tComment simplifier la gestion administrative pour vos \u00e9quipes back office\t\t\t<\/a>\n\t\t<\/h3>\n\t\t\t\t<div class=\"elementor-post__excerpt\">\n\t\t\t<p>La gestion administrative ne devrait pas freiner votre activit\u00e9. D\u00e9couvrez une m\u00e9thode simple et efficace pour transformer vos processus clients et lib\u00e9rer vos \u00e9quipes back-office du chaos administratif.<\/p>\n\t\t<\/div>\n\t\t\t\t\t<div class=\"elementor-post__read-more-wrapper\">\n\t\t\n\t\t<a class=\"elementor-post__read-more\" href=\"https:\/\/clustdoc.com\/fr\/dossiers\/gestion-administrative\/\" aria-label=\"En savoir plus sur Comment simplifier la gestion administrative pour vos \u00e9quipes back office\" tabindex=\"-1\" >\n\t\t\tLire la fiche \u2192\t\t<\/a>\n\n\t\t\t\t\t<\/div>\n\t\t\t\t<\/div>\n\t\t\t\t<div class=\"elementor-post__meta-data\">\n\t\t\t\t\t<span class=\"elementor-post-date\">\n\t\t\t26 mai 2025\t\t<\/span>\n\t\t\t\t<\/div>\n\t\t\t\t\t<\/div>\n\t\t<\/article>\n\t\t\t\t<\/div>\n\t\t\n\t\t\t\t\t\t<\/div>\n\t\t\t\t<\/div>\n\t\t\t\t\t<\/div>\n\t\t\t\t<\/div>\n\t\t<div class=\"elementor-element elementor-element-14b8def4 e-flex e-con-boxed e-con e-parent\" data-id=\"14b8def4\" data-element_type=\"container\" data-e-type=\"container\">\n\t\t\t\t\t<div class=\"e-con-inner\">\n\t\t\t\t<div class=\"elementor-element elementor-element-77b6753f elementor-widget elementor-widget-spacer\" data-id=\"77b6753f\" data-element_type=\"widget\" data-e-type=\"widget\" data-widget_type=\"spacer.default\">\n\t\t\t\t<div class=\"elementor-widget-container\">\n\t\t\t\t\t\t\t<div class=\"elementor-spacer\">\n\t\t\t<div class=\"elementor-spacer-inner\"><\/div>\n\t\t<\/div>\n\t\t\t\t\t\t<\/div>\n\t\t\t\t<\/div>\n\t\t\t\t\t<\/div>\n\t\t\t\t<\/div>\n\t\t<div class=\"elementor-element elementor-element-e44d385 e-flex e-con-boxed e-con e-parent\" data-id=\"e44d385\" data-element_type=\"container\" data-e-type=\"container\" data-settings=\"{&quot;background_background&quot;:&quot;classic&quot;}\">\n\t\t\t\t\t<div class=\"e-con-inner\">\n\t\t<div class=\"elementor-element elementor-element-3c670e96 e-con-full e-flex e-con e-child\" data-id=\"3c670e96\" data-element_type=\"container\" data-e-type=\"container\">\n\t\t\t\t<div class=\"elementor-element elementor-element-13e2b0cc elementor-widget elementor-widget-spacer\" data-id=\"13e2b0cc\" data-element_type=\"widget\" data-e-type=\"widget\" data-widget_type=\"spacer.default\">\n\t\t\t\t<div class=\"elementor-widget-container\">\n\t\t\t\t\t\t\t<div class=\"elementor-spacer\">\n\t\t\t<div class=\"elementor-spacer-inner\"><\/div>\n\t\t<\/div>\n\t\t\t\t\t\t<\/div>\n\t\t\t\t<\/div>\n\t\t\t\t<div class=\"elementor-element elementor-element-70e2613b betakit-transform transform-type-translate elementor-widget elementor-widget-heading\" data-id=\"70e2613b\" data-element_type=\"widget\" data-e-type=\"widget\" data-widget_type=\"heading.default\">\n\t\t\t\t<div class=\"elementor-widget-container\">\n\t\t\t\t\t<h3 id=\"vous-songez-a-dematerialiser-vos-parcours-clients-et-demarches-administratives\" class=\"elementor-heading-title elementor-size-default\">Vous songez \u00e0 d\u00e9mat\u00e9rialiser vos parcours clients et d\u00e9marches administratives ? <\/h3>\t\t\t\t<\/div>\n\t\t\t\t<\/div>\n\t\t\t\t<div class=\"elementor-element elementor-element-9ff4172 elementor-widget elementor-widget-text-editor\" data-id=\"9ff4172\" data-element_type=\"widget\" data-e-type=\"widget\" data-widget_type=\"text-editor.default\">\n\t\t\t\t<div class=\"elementor-widget-container\">\n\t\t\t\t\t\t\t\t\t<p><span style=\"font-weight: 500; color: #ffffff;\">Planifiez un rendez-vous avec un de nos experts pour d\u00e9couvrir la solution Clustdoc.\u00a0<\/span><\/p>\t\t\t\t\t\t\t\t<\/div>\n\t\t\t\t<\/div>\n\t\t\t\t<div class=\"elementor-element elementor-element-3613bdd1 elementor-widget elementor-widget-button\" data-id=\"3613bdd1\" data-element_type=\"widget\" data-e-type=\"widget\" data-widget_type=\"button.default\">\n\t\t\t\t<div class=\"elementor-widget-container\">\n\t\t\t\t\t\t\t\t\t<div class=\"elementor-button-wrapper\">\n\t\t\t\t\t<a class=\"elementor-button elementor-button-link elementor-size-sm\" href=\"https:\/\/clustdoc.com\/fr\/rdv-decouverte\/\">\n\t\t\t\t\t\t<span class=\"elementor-button-content-wrapper\">\n\t\t\t\t\t\t\t\t\t<span class=\"elementor-button-text\">R\u00e9servez une consultation gratuite<\/span>\n\t\t\t\t\t<\/span>\n\t\t\t\t\t<\/a>\n\t\t\t\t<\/div>\n\t\t\t\t\t\t\t\t<\/div>\n\t\t\t\t<\/div>\n\t\t\t\t<div class=\"elementor-element elementor-element-1f08da81 elementor-widget elementor-widget-spacer\" data-id=\"1f08da81\" data-element_type=\"widget\" data-e-type=\"widget\" data-widget_type=\"spacer.default\">\n\t\t\t\t<div class=\"elementor-widget-container\">\n\t\t\t\t\t\t\t<div class=\"elementor-spacer\">\n\t\t\t<div class=\"elementor-spacer-inner\"><\/div>\n\t\t<\/div>\n\t\t\t\t\t\t<\/div>\n\t\t\t\t<\/div>\n\t\t\t\t<\/div>\n\t\t<div class=\"elementor-element elementor-element-25c0b7dc e-con-full e-flex e-con e-child\" data-id=\"25c0b7dc\" data-element_type=\"container\" data-e-type=\"container\">\n\t\t\t\t<div class=\"elementor-element elementor-element-57b24bef elementor-widget elementor-widget-spacer\" data-id=\"57b24bef\" data-element_type=\"widget\" data-e-type=\"widget\" data-widget_type=\"spacer.default\">\n\t\t\t\t<div class=\"elementor-widget-container\">\n\t\t\t\t\t\t\t<div class=\"elementor-spacer\">\n\t\t\t<div class=\"elementor-spacer-inner\"><\/div>\n\t\t<\/div>\n\t\t\t\t\t\t<\/div>\n\t\t\t\t<\/div>\n\t\t\t\t<div class=\"elementor-element elementor-element-7c36af43 elementor-widget__width-initial elementor-widget elementor-widget-image\" data-id=\"7c36af43\" data-element_type=\"widget\" data-e-type=\"widget\" data-widget_type=\"image.default\">\n\t\t\t\t<div class=\"elementor-widget-container\">\n\t\t\t\t\t\t\t\t\t\t\t\t\t\t\t<img decoding=\"async\" width=\"960\" height=\"640\" src=\"https:\/\/clustdoc.com\/wp-content\/uploads\/2025\/11\/Ameliorer-la-collaboration-1024x683.jpg\" class=\"attachment-large size-large wp-image-54245\" alt=\"Am\u00e9liorer la collaboration\" srcset=\"https:\/\/clustdoc.com\/wp-content\/uploads\/2025\/11\/Ameliorer-la-collaboration-1024x683.jpg 1024w, https:\/\/clustdoc.com\/wp-content\/uploads\/2025\/11\/Ameliorer-la-collaboration-300x200.jpg 300w, https:\/\/clustdoc.com\/wp-content\/uploads\/2025\/11\/Ameliorer-la-collaboration-768x512.jpg 768w, https:\/\/clustdoc.com\/wp-content\/uploads\/2025\/11\/Ameliorer-la-collaboration-1536x1024.jpg 1536w, https:\/\/clustdoc.com\/wp-content\/uploads\/2025\/11\/Ameliorer-la-collaboration-2048x1365.jpg 2048w, https:\/\/clustdoc.com\/wp-content\/uploads\/2025\/11\/Ameliorer-la-collaboration-595xh.jpg 595w\" sizes=\"(max-width: 960px) 100vw, 960px\" \/>\t\t\t\t\t\t\t\t\t\t\t\t\t\t\t<\/div>\n\t\t\t\t<\/div>\n\t\t\t\t<div class=\"elementor-element elementor-element-11eeb0c2 elementor-widget elementor-widget-spacer\" data-id=\"11eeb0c2\" data-element_type=\"widget\" data-e-type=\"widget\" data-widget_type=\"spacer.default\">\n\t\t\t\t<div class=\"elementor-widget-container\">\n\t\t\t\t\t\t\t<div class=\"elementor-spacer\">\n\t\t\t<div class=\"elementor-spacer-inner\"><\/div>\n\t\t<\/div>\n\t\t\t\t\t\t<\/div>\n\t\t\t\t<\/div>\n\t\t\t\t<\/div>\n\t\t\t\t\t<\/div>\n\t\t\t\t<\/div>\n\t\t\t\t<\/div>\n\t\t","protected":false},"excerpt":{"rendered":"<p>Expertise {Onboarding} Strat\u00e9gies &amp; bonnes pratiques pour une meilleure collaboration interne &amp; externe. G\u00e9rer ses dossiers clients Optimiser ses processus S\u00e9curiser son activit\u00e9 Am\u00e9liorer la collaboration Simplifier le parcours client Vous songez \u00e0 d\u00e9mat\u00e9rialiser vos parcours clients et d\u00e9marches administratives ? Planifiez un rendez-vous avec un de nos experts pour d\u00e9couvrir la solution Clustdoc.\u00a0 R\u00e9servez&#8230;<\/p>\n","protected":false},"author":6,"featured_media":0,"parent":40179,"menu_order":4,"comment_status":"closed","ping_status":"closed","template":"elementor_header_footer","meta":{"footnotes":""},"class_list":["post-40216","page","type-page","status-publish","hentry","nt-post-class",""],"_links":{"self":[{"href":"https:\/\/clustdoc.com\/fr\/wp-json\/wp\/v2\/pages\/40216","targetHints":{"allow":["GET"]}}],"collection":[{"href":"https:\/\/clustdoc.com\/fr\/wp-json\/wp\/v2\/pages"}],"about":[{"href":"https:\/\/clustdoc.com\/fr\/wp-json\/wp\/v2\/types\/page"}],"author":[{"embeddable":true,"href":"https:\/\/clustdoc.com\/fr\/wp-json\/wp\/v2\/users\/6"}],"replies":[{"embeddable":true,"href":"https:\/\/clustdoc.com\/fr\/wp-json\/wp\/v2\/comments?post=40216"}],"version-history":[{"count":34,"href":"https:\/\/clustdoc.com\/fr\/wp-json\/wp\/v2\/pages\/40216\/revisions"}],"predecessor-version":[{"id":56984,"href":"https:\/\/clustdoc.com\/fr\/wp-json\/wp\/v2\/pages\/40216\/revisions\/56984"}],"up":[{"embeddable":true,"href":"https:\/\/clustdoc.com\/fr\/wp-json\/wp\/v2\/pages\/40179"}],"wp:attachment":[{"href":"https:\/\/clustdoc.com\/fr\/wp-json\/wp\/v2\/media?parent=40216"}],"curies":[{"name":"wp","href":"https:\/\/api.w.org\/{rel}","templated":true}]}}