{"id":40205,"date":"2025-05-23T13:08:25","date_gmt":"2025-05-23T13:08:25","guid":{"rendered":"https:\/\/clustdoc.com\/?page_id=40205"},"modified":"2025-12-08T12:15:31","modified_gmt":"2025-12-08T12:15:31","slug":"optimiser-ses-processus","status":"publish","type":"page","link":"https:\/\/clustdoc.com\/fr\/dossiers\/optimiser-ses-processus\/","title":{"rendered":"Optimiser ses processus"},"content":{"rendered":"\t\t<div data-elementor-type=\"wp-page\" data-elementor-id=\"40205\" class=\"elementor elementor-40205\" data-elementor-post-type=\"page\">\n\t\t\t\t<div class=\"elementor-element elementor-element-54efbeca e-con-full e-flex e-con e-parent\" data-id=\"54efbeca\" data-element_type=\"container\" data-e-type=\"container\" data-settings=\"{&quot;background_background&quot;:&quot;classic&quot;}\">\n\t\t\t\t<div class=\"elementor-element elementor-element-a468c55 elementor-widget elementor-widget-spacer\" data-id=\"a468c55\" data-element_type=\"widget\" data-e-type=\"widget\" data-widget_type=\"spacer.default\">\n\t\t\t\t<div class=\"elementor-widget-container\">\n\t\t\t\t\t\t\t<div class=\"elementor-spacer\">\n\t\t\t<div class=\"elementor-spacer-inner\"><\/div>\n\t\t<\/div>\n\t\t\t\t\t\t<\/div>\n\t\t\t\t<\/div>\n\t\t\t\t<div class=\"elementor-element elementor-element-69d9fa78 betakit-transform transform-type-translate elementor-widget elementor-widget-heading\" data-id=\"69d9fa78\" data-element_type=\"widget\" data-e-type=\"widget\" data-widget_type=\"heading.default\">\n\t\t\t\t<div class=\"elementor-widget-container\">\n\t\t\t\t\t<h1 id=\"expertise-onboarding\" class=\"elementor-heading-title elementor-size-default\">Expertise {Onboarding}<\/h1>\t\t\t\t<\/div>\n\t\t\t\t<\/div>\n\t\t\t\t<div class=\"elementor-element elementor-element-45c37bca elementor-widget elementor-widget-spacer\" data-id=\"45c37bca\" data-element_type=\"widget\" data-e-type=\"widget\" data-widget_type=\"spacer.default\">\n\t\t\t\t<div class=\"elementor-widget-container\">\n\t\t\t\t\t\t\t<div class=\"elementor-spacer\">\n\t\t\t<div class=\"elementor-spacer-inner\"><\/div>\n\t\t<\/div>\n\t\t\t\t\t\t<\/div>\n\t\t\t\t<\/div>\n\t\t\t\t<div class=\"elementor-element elementor-element-22d296a betakit-transform transform-type-translate elementor-widget elementor-widget-heading\" data-id=\"22d296a\" data-element_type=\"widget\" data-e-type=\"widget\" data-widget_type=\"heading.default\">\n\t\t\t\t<div class=\"elementor-widget-container\">\n\t\t\t\t\t<p class=\"elementor-heading-title elementor-size-default\">Strat\u00e9gies &amp; bonnes pratiques pour optimiser vos processus administratifs.<\/p>\t\t\t\t<\/div>\n\t\t\t\t<\/div>\n\t\t\t\t<div class=\"elementor-element elementor-element-35f08f56 elementor-widget elementor-widget-spacer\" data-id=\"35f08f56\" data-element_type=\"widget\" data-e-type=\"widget\" data-widget_type=\"spacer.default\">\n\t\t\t\t<div class=\"elementor-widget-container\">\n\t\t\t\t\t\t\t<div class=\"elementor-spacer\">\n\t\t\t<div class=\"elementor-spacer-inner\"><\/div>\n\t\t<\/div>\n\t\t\t\t\t\t<\/div>\n\t\t\t\t<\/div>\n\t\t\t\t<div class=\"elementor-element elementor-element-7672feac elementor-align-center elementor-widget elementor-widget-breadcrumbs\" data-id=\"7672feac\" data-element_type=\"widget\" data-e-type=\"widget\" data-widget_type=\"breadcrumbs.default\">\n\t\t\t\t<div class=\"elementor-widget-container\">\n\t\t\t\t\t<nav aria-label=\"breadcrumbs\" class=\"rank-math-breadcrumb\"><p><\/p><\/nav>\t\t\t\t<\/div>\n\t\t\t\t<\/div>\n\t\t\t\t<div class=\"elementor-element elementor-element-3391e3c5 elementor-widget elementor-widget-spacer\" data-id=\"3391e3c5\" data-element_type=\"widget\" data-e-type=\"widget\" data-widget_type=\"spacer.default\">\n\t\t\t\t<div class=\"elementor-widget-container\">\n\t\t\t\t\t\t\t<div class=\"elementor-spacer\">\n\t\t\t<div class=\"elementor-spacer-inner\"><\/div>\n\t\t<\/div>\n\t\t\t\t\t\t<\/div>\n\t\t\t\t<\/div>\n\t\t\t\t<\/div>\n\t\t<div class=\"elementor-element elementor-element-5cbf832 e-flex e-con-boxed e-con e-parent\" data-id=\"5cbf832\" data-element_type=\"container\" data-e-type=\"container\">\n\t\t\t\t\t<div class=\"e-con-inner\">\n\t\t\t\t<div class=\"elementor-element elementor-element-508381dd elementor-widget elementor-widget-spacer\" data-id=\"508381dd\" data-element_type=\"widget\" data-e-type=\"widget\" data-widget_type=\"spacer.default\">\n\t\t\t\t<div class=\"elementor-widget-container\">\n\t\t\t\t\t\t\t<div class=\"elementor-spacer\">\n\t\t\t<div class=\"elementor-spacer-inner\"><\/div>\n\t\t<\/div>\n\t\t\t\t\t\t<\/div>\n\t\t\t\t<\/div>\n\t\t<div class=\"elementor-element elementor-element-64da55ce e-con-full e-grid e-con e-child\" data-id=\"64da55ce\" data-element_type=\"container\" data-e-type=\"container\">\n\t\t\t\t<div class=\"elementor-element elementor-element-9495b59 elementor-align-center elementor-widget elementor-widget-button\" data-id=\"9495b59\" data-element_type=\"widget\" data-e-type=\"widget\" data-widget_type=\"button.default\">\n\t\t\t\t<div class=\"elementor-widget-container\">\n\t\t\t\t\t\t\t\t\t<div class=\"elementor-button-wrapper\">\n\t\t\t\t\t<a class=\"elementor-button elementor-button-link elementor-size-sm\" href=\"https:\/\/clustdoc.com\/fr\/dossiers\/gerer-ses-dossiers-clients\/\">\n\t\t\t\t\t\t<span class=\"elementor-button-content-wrapper\">\n\t\t\t\t\t\t\t\t\t<span class=\"elementor-button-text\">G\u00e9rer ses dossiers clients<\/span>\n\t\t\t\t\t<\/span>\n\t\t\t\t\t<\/a>\n\t\t\t\t<\/div>\n\t\t\t\t\t\t\t\t<\/div>\n\t\t\t\t<\/div>\n\t\t\t\t<div class=\"elementor-element elementor-element-142b2237 elementor-align-center elementor-widget elementor-widget-button\" data-id=\"142b2237\" data-element_type=\"widget\" data-e-type=\"widget\" data-widget_type=\"button.default\">\n\t\t\t\t<div class=\"elementor-widget-container\">\n\t\t\t\t\t\t\t\t\t<div class=\"elementor-button-wrapper\">\n\t\t\t\t\t<a class=\"elementor-button elementor-button-link elementor-size-sm\" href=\"https:\/\/clustdoc.com\/fr\/dossiers\/optimiser-ses-processus\/\">\n\t\t\t\t\t\t<span class=\"elementor-button-content-wrapper\">\n\t\t\t\t\t\t\t\t\t<span class=\"elementor-button-text\">Optimiser ses processus<\/span>\n\t\t\t\t\t<\/span>\n\t\t\t\t\t<\/a>\n\t\t\t\t<\/div>\n\t\t\t\t\t\t\t\t<\/div>\n\t\t\t\t<\/div>\n\t\t\t\t<div class=\"elementor-element elementor-element-31582544 elementor-align-center elementor-widget elementor-widget-button\" data-id=\"31582544\" data-element_type=\"widget\" data-e-type=\"widget\" data-widget_type=\"button.default\">\n\t\t\t\t<div class=\"elementor-widget-container\">\n\t\t\t\t\t\t\t\t\t<div class=\"elementor-button-wrapper\">\n\t\t\t\t\t<a class=\"elementor-button elementor-button-link elementor-size-sm\" href=\"https:\/\/clustdoc.com\/fr\/dossiers\/securiser-son-activite\/\">\n\t\t\t\t\t\t<span class=\"elementor-button-content-wrapper\">\n\t\t\t\t\t\t\t\t\t<span class=\"elementor-button-text\">S\u00e9curiser son activit\u00e9<\/span>\n\t\t\t\t\t<\/span>\n\t\t\t\t\t<\/a>\n\t\t\t\t<\/div>\n\t\t\t\t\t\t\t\t<\/div>\n\t\t\t\t<\/div>\n\t\t\t\t<div class=\"elementor-element elementor-element-12243cfe elementor-align-center elementor-widget elementor-widget-button\" data-id=\"12243cfe\" data-element_type=\"widget\" data-e-type=\"widget\" data-widget_type=\"button.default\">\n\t\t\t\t<div class=\"elementor-widget-container\">\n\t\t\t\t\t\t\t\t\t<div class=\"elementor-button-wrapper\">\n\t\t\t\t\t<a class=\"elementor-button elementor-button-link elementor-size-sm\" href=\"https:\/\/clustdoc.com\/fr\/dossiers\/ameliorer-la-collaboration\/\">\n\t\t\t\t\t\t<span class=\"elementor-button-content-wrapper\">\n\t\t\t\t\t\t\t\t\t<span class=\"elementor-button-text\">Am\u00e9liorer la collaboration<\/span>\n\t\t\t\t\t<\/span>\n\t\t\t\t\t<\/a>\n\t\t\t\t<\/div>\n\t\t\t\t\t\t\t\t<\/div>\n\t\t\t\t<\/div>\n\t\t\t\t<div class=\"elementor-element elementor-element-26b9934a elementor-align-center elementor-widget elementor-widget-button\" data-id=\"26b9934a\" data-element_type=\"widget\" data-e-type=\"widget\" data-widget_type=\"button.default\">\n\t\t\t\t<div class=\"elementor-widget-container\">\n\t\t\t\t\t\t\t\t\t<div class=\"elementor-button-wrapper\">\n\t\t\t\t\t<a class=\"elementor-button elementor-button-link elementor-size-sm\" href=\"https:\/\/clustdoc.com\/fr\/dossiers\/simplifier-le-parcours-client\/\">\n\t\t\t\t\t\t<span class=\"elementor-button-content-wrapper\">\n\t\t\t\t\t\t\t\t\t<span class=\"elementor-button-text\">Simplifier le parcours client<\/span>\n\t\t\t\t\t<\/span>\n\t\t\t\t\t<\/a>\n\t\t\t\t<\/div>\n\t\t\t\t\t\t\t\t<\/div>\n\t\t\t\t<\/div>\n\t\t\t\t<\/div>\n\t\t\t\t\t<\/div>\n\t\t\t\t<\/div>\n\t\t<div class=\"elementor-element elementor-element-432e8b4a e-flex e-con-boxed e-con e-parent\" data-id=\"432e8b4a\" data-element_type=\"container\" data-e-type=\"container\">\n\t\t\t\t\t<div class=\"e-con-inner\">\n\t\t\t\t<div class=\"elementor-element elementor-element-413d4333 elementor-widget elementor-widget-spacer\" data-id=\"413d4333\" data-element_type=\"widget\" data-e-type=\"widget\" data-widget_type=\"spacer.default\">\n\t\t\t\t<div class=\"elementor-widget-container\">\n\t\t\t\t\t\t\t<div class=\"elementor-spacer\">\n\t\t\t<div class=\"elementor-spacer-inner\"><\/div>\n\t\t<\/div>\n\t\t\t\t\t\t<\/div>\n\t\t\t\t<\/div>\n\t\t\t\t<div class=\"elementor-element elementor-element-4734fb93 elementor-grid-3 elementor-grid-tablet-2 elementor-grid-mobile-1 elementor-posts--thumbnail-top elementor-card-shadow-yes elementor-posts__hover-gradient elementor-widget elementor-widget-posts\" data-id=\"4734fb93\" data-element_type=\"widget\" data-e-type=\"widget\" data-settings=\"{&quot;pagination_type&quot;:&quot;numbers&quot;,&quot;cards_columns&quot;:&quot;3&quot;,&quot;cards_columns_tablet&quot;:&quot;2&quot;,&quot;cards_columns_mobile&quot;:&quot;1&quot;,&quot;cards_row_gap&quot;:{&quot;unit&quot;:&quot;px&quot;,&quot;size&quot;:35,&quot;sizes&quot;:[]},&quot;cards_row_gap_tablet&quot;:{&quot;unit&quot;:&quot;px&quot;,&quot;size&quot;:&quot;&quot;,&quot;sizes&quot;:[]},&quot;cards_row_gap_mobile&quot;:{&quot;unit&quot;:&quot;px&quot;,&quot;size&quot;:&quot;&quot;,&quot;sizes&quot;:[]}}\" data-widget_type=\"posts.cards\">\n\t\t\t\t<div class=\"elementor-widget-container\">\n\t\t\t\t\t\t\t<div class=\"elementor-posts-container elementor-posts elementor-posts--skin-cards elementor-grid\" role=\"list\">\n\t\t\t\t<article class=\"elementor-post elementor-grid-item post-40737 post type-post status-publish format-standard has-post-thumbnail hentry category-dossiers category-optimiser-ses-processus nt-post-class \" role=\"listitem\">\n\t\t\t<div class=\"elementor-post__card\">\n\t\t\t\t<a class=\"elementor-post__thumbnail__link\" href=\"https:\/\/clustdoc.com\/fr\/dossiers\/automatisation-des-taches-administratives\/\" tabindex=\"-1\" ><div class=\"elementor-post__thumbnail\"><img decoding=\"async\" width=\"300\" height=\"214\" src=\"https:\/\/clustdoc.com\/wp-content\/uploads\/2025\/05\/Capture-decran-2025-05-23-a-02.03.16-300x214.png\" class=\"attachment-medium size-medium wp-image-41442\" alt=\"automatisation des t\u00e2ches administratives client\" srcset=\"https:\/\/clustdoc.com\/wp-content\/uploads\/2025\/05\/Capture-decran-2025-05-23-a-02.03.16-300x214.png 300w, https:\/\/clustdoc.com\/wp-content\/uploads\/2025\/05\/Capture-decran-2025-05-23-a-02.03.16-1024x731.png 1024w, https:\/\/clustdoc.com\/wp-content\/uploads\/2025\/05\/Capture-decran-2025-05-23-a-02.03.16-768x548.png 768w, https:\/\/clustdoc.com\/wp-content\/uploads\/2025\/05\/Capture-decran-2025-05-23-a-02.03.16.png 1462w\" sizes=\"(max-width: 300px) 100vw, 300px\" \/><\/div><\/a>\n\t\t\t\t<div class=\"elementor-post__badge\">dossiers<\/div>\n\t\t\t\t<div class=\"elementor-post__text\">\n\t\t\t\t<h3 id=\"mode-demploi-de-lautomatisation-des-taches-client\" class=\"elementor-post__title\">\n\t\t\t<a href=\"https:\/\/clustdoc.com\/fr\/dossiers\/automatisation-des-taches-administratives\/\" >\n\t\t\t\tMode d&#8217;emploi de l&#8217;automatisation des t\u00e2ches client\t\t\t<\/a>\n\t\t<\/h3>\n\t\t\t\t<div class=\"elementor-post__excerpt\">\n\t\t\t<p>D\u00e9couvrez comment l\u2019automatisation des t\u00e2ches client durant l\u2019onboarding client peut transformer votre mani\u00e8re de travailler au quotidien et r\u00e9pondre \u00e0 vos objectifs de croissance. <\/p>\n\t\t<\/div>\n\t\t\t\t\t<div class=\"elementor-post__read-more-wrapper\">\n\t\t\n\t\t<a class=\"elementor-post__read-more\" href=\"https:\/\/clustdoc.com\/fr\/dossiers\/automatisation-des-taches-administratives\/\" aria-label=\"En savoir plus sur Mode d&#8217;emploi de l&#8217;automatisation des t\u00e2ches client\" tabindex=\"-1\" >\n\t\t\tLire la fiche \u2192\t\t<\/a>\n\n\t\t\t\t\t<\/div>\n\t\t\t\t<\/div>\n\t\t\t\t<div class=\"elementor-post__meta-data\">\n\t\t\t\t\t<span class=\"elementor-post-date\">\n\t\t\t22 mai 2025\t\t<\/span>\n\t\t\t\t<\/div>\n\t\t\t\t\t<\/div>\n\t\t<\/article>\n\t\t\t\t<\/div>\n\t\t\n\t\t\t\t\t\t<\/div>\n\t\t\t\t<\/div>\n\t\t\t\t\t<\/div>\n\t\t\t\t<\/div>\n\t\t<div class=\"elementor-element elementor-element-5d801623 e-flex e-con-boxed e-con e-parent\" data-id=\"5d801623\" data-element_type=\"container\" data-e-type=\"container\">\n\t\t\t\t\t<div class=\"e-con-inner\">\n\t\t\t\t<div class=\"elementor-element elementor-element-66348a1e elementor-widget elementor-widget-spacer\" data-id=\"66348a1e\" data-element_type=\"widget\" data-e-type=\"widget\" data-widget_type=\"spacer.default\">\n\t\t\t\t<div class=\"elementor-widget-container\">\n\t\t\t\t\t\t\t<div class=\"elementor-spacer\">\n\t\t\t<div class=\"elementor-spacer-inner\"><\/div>\n\t\t<\/div>\n\t\t\t\t\t\t<\/div>\n\t\t\t\t<\/div>\n\t\t\t\t\t<\/div>\n\t\t\t\t<\/div>\n\t\t<div class=\"elementor-element elementor-element-52189e9 e-flex e-con-boxed e-con e-parent\" data-id=\"52189e9\" data-element_type=\"container\" data-e-type=\"container\" data-settings=\"{&quot;background_background&quot;:&quot;classic&quot;}\">\n\t\t\t\t\t<div class=\"e-con-inner\">\n\t\t<div class=\"elementor-element elementor-element-1d9f0420 e-con-full e-flex e-con e-child\" data-id=\"1d9f0420\" data-element_type=\"container\" data-e-type=\"container\">\n\t\t\t\t<div class=\"elementor-element elementor-element-1459a537 elementor-widget elementor-widget-spacer\" data-id=\"1459a537\" data-element_type=\"widget\" data-e-type=\"widget\" data-widget_type=\"spacer.default\">\n\t\t\t\t<div class=\"elementor-widget-container\">\n\t\t\t\t\t\t\t<div class=\"elementor-spacer\">\n\t\t\t<div class=\"elementor-spacer-inner\"><\/div>\n\t\t<\/div>\n\t\t\t\t\t\t<\/div>\n\t\t\t\t<\/div>\n\t\t\t\t<div class=\"elementor-element elementor-element-4e4079e betakit-transform transform-type-translate elementor-widget elementor-widget-heading\" data-id=\"4e4079e\" data-element_type=\"widget\" data-e-type=\"widget\" data-widget_type=\"heading.default\">\n\t\t\t\t<div class=\"elementor-widget-container\">\n\t\t\t\t\t<h3 id=\"vous-songez-a-dematerialiser-vos-parcours-clients-et-demarches-administratives\" class=\"elementor-heading-title elementor-size-default\">Vous songez \u00e0 d\u00e9mat\u00e9rialiser vos parcours clients et d\u00e9marches administratives ? <\/h3>\t\t\t\t<\/div>\n\t\t\t\t<\/div>\n\t\t\t\t<div class=\"elementor-element elementor-element-d4781ea elementor-widget elementor-widget-text-editor\" data-id=\"d4781ea\" data-element_type=\"widget\" data-e-type=\"widget\" data-widget_type=\"text-editor.default\">\n\t\t\t\t<div class=\"elementor-widget-container\">\n\t\t\t\t\t\t\t\t\t<p><span style=\"font-weight: 500; color: #ffffff;\">Planifiez un rendez-vous avec un de nos experts pour d\u00e9couvrir la solution Clustdoc.\u00a0<\/span><\/p>\t\t\t\t\t\t\t\t<\/div>\n\t\t\t\t<\/div>\n\t\t\t\t<div class=\"elementor-element elementor-element-71e46a7a elementor-widget elementor-widget-button\" data-id=\"71e46a7a\" data-element_type=\"widget\" data-e-type=\"widget\" data-widget_type=\"button.default\">\n\t\t\t\t<div class=\"elementor-widget-container\">\n\t\t\t\t\t\t\t\t\t<div class=\"elementor-button-wrapper\">\n\t\t\t\t\t<a class=\"elementor-button elementor-button-link elementor-size-sm\" href=\"https:\/\/clustdoc.com\/fr\/rdv-decouverte\/\">\n\t\t\t\t\t\t<span class=\"elementor-button-content-wrapper\">\n\t\t\t\t\t\t\t\t\t<span class=\"elementor-button-text\">R\u00e9servez une consultation gratuite<\/span>\n\t\t\t\t\t<\/span>\n\t\t\t\t\t<\/a>\n\t\t\t\t<\/div>\n\t\t\t\t\t\t\t\t<\/div>\n\t\t\t\t<\/div>\n\t\t\t\t<div class=\"elementor-element elementor-element-44af457d elementor-widget elementor-widget-spacer\" data-id=\"44af457d\" data-element_type=\"widget\" data-e-type=\"widget\" data-widget_type=\"spacer.default\">\n\t\t\t\t<div class=\"elementor-widget-container\">\n\t\t\t\t\t\t\t<div class=\"elementor-spacer\">\n\t\t\t<div class=\"elementor-spacer-inner\"><\/div>\n\t\t<\/div>\n\t\t\t\t\t\t<\/div>\n\t\t\t\t<\/div>\n\t\t\t\t<\/div>\n\t\t<div class=\"elementor-element elementor-element-9c93a76 e-con-full e-flex e-con e-child\" data-id=\"9c93a76\" data-element_type=\"container\" data-e-type=\"container\">\n\t\t\t\t<div class=\"elementor-element elementor-element-35f9db39 elementor-widget elementor-widget-spacer\" data-id=\"35f9db39\" data-element_type=\"widget\" data-e-type=\"widget\" data-widget_type=\"spacer.default\">\n\t\t\t\t<div class=\"elementor-widget-container\">\n\t\t\t\t\t\t\t<div class=\"elementor-spacer\">\n\t\t\t<div class=\"elementor-spacer-inner\"><\/div>\n\t\t<\/div>\n\t\t\t\t\t\t<\/div>\n\t\t\t\t<\/div>\n\t\t\t\t<div class=\"elementor-element elementor-element-5eb9f2d8 elementor-widget__width-initial elementor-widget elementor-widget-image\" data-id=\"5eb9f2d8\" data-element_type=\"widget\" data-e-type=\"widget\" data-widget_type=\"image.default\">\n\t\t\t\t<div class=\"elementor-widget-container\">\n\t\t\t\t\t\t\t\t\t\t\t\t\t\t\t<img decoding=\"async\" width=\"960\" height=\"640\" src=\"https:\/\/clustdoc.com\/wp-content\/uploads\/2025\/11\/Optimiser-ses-processus-1024x683.jpg\" class=\"attachment-large size-large wp-image-54229\" alt=\"Optimiser ses processus\" srcset=\"https:\/\/clustdoc.com\/wp-content\/uploads\/2025\/11\/Optimiser-ses-processus-1024x683.jpg 1024w, https:\/\/clustdoc.com\/wp-content\/uploads\/2025\/11\/Optimiser-ses-processus-300x200.jpg 300w, https:\/\/clustdoc.com\/wp-content\/uploads\/2025\/11\/Optimiser-ses-processus-768x512.jpg 768w, https:\/\/clustdoc.com\/wp-content\/uploads\/2025\/11\/Optimiser-ses-processus-1536x1025.jpg 1536w, https:\/\/clustdoc.com\/wp-content\/uploads\/2025\/11\/Optimiser-ses-processus-2048x1366.jpg 2048w, https:\/\/clustdoc.com\/wp-content\/uploads\/2025\/11\/Optimiser-ses-processus-595xh.jpg 595w\" sizes=\"(max-width: 960px) 100vw, 960px\" \/>\t\t\t\t\t\t\t\t\t\t\t\t\t\t\t<\/div>\n\t\t\t\t<\/div>\n\t\t\t\t<div class=\"elementor-element elementor-element-62142e4f elementor-widget elementor-widget-spacer\" data-id=\"62142e4f\" data-element_type=\"widget\" data-e-type=\"widget\" data-widget_type=\"spacer.default\">\n\t\t\t\t<div class=\"elementor-widget-container\">\n\t\t\t\t\t\t\t<div class=\"elementor-spacer\">\n\t\t\t<div class=\"elementor-spacer-inner\"><\/div>\n\t\t<\/div>\n\t\t\t\t\t\t<\/div>\n\t\t\t\t<\/div>\n\t\t\t\t<\/div>\n\t\t\t\t\t<\/div>\n\t\t\t\t<\/div>\n\t\t\t\t<\/div>\n\t\t","protected":false},"excerpt":{"rendered":"<p>Expertise {Onboarding} Strat\u00e9gies &amp; bonnes pratiques pour optimiser vos processus administratifs. G\u00e9rer ses dossiers clients Optimiser ses processus S\u00e9curiser son activit\u00e9 Am\u00e9liorer la collaboration Simplifier le parcours client Vous songez \u00e0 d\u00e9mat\u00e9rialiser vos parcours clients et d\u00e9marches administratives ? Planifiez un rendez-vous avec un de nos experts pour d\u00e9couvrir la solution Clustdoc.\u00a0 R\u00e9servez une consultation&#8230;<\/p>\n","protected":false},"author":6,"featured_media":0,"parent":40179,"menu_order":4,"comment_status":"closed","ping_status":"closed","template":"elementor_header_footer","meta":{"footnotes":""},"class_list":["post-40205","page","type-page","status-publish","hentry","nt-post-class",""],"_links":{"self":[{"href":"https:\/\/clustdoc.com\/fr\/wp-json\/wp\/v2\/pages\/40205","targetHints":{"allow":["GET"]}}],"collection":[{"href":"https:\/\/clustdoc.com\/fr\/wp-json\/wp\/v2\/pages"}],"about":[{"href":"https:\/\/clustdoc.com\/fr\/wp-json\/wp\/v2\/types\/page"}],"author":[{"embeddable":true,"href":"https:\/\/clustdoc.com\/fr\/wp-json\/wp\/v2\/users\/6"}],"replies":[{"embeddable":true,"href":"https:\/\/clustdoc.com\/fr\/wp-json\/wp\/v2\/comments?post=40205"}],"version-history":[{"count":32,"href":"https:\/\/clustdoc.com\/fr\/wp-json\/wp\/v2\/pages\/40205\/revisions"}],"predecessor-version":[{"id":56978,"href":"https:\/\/clustdoc.com\/fr\/wp-json\/wp\/v2\/pages\/40205\/revisions\/56978"}],"up":[{"embeddable":true,"href":"https:\/\/clustdoc.com\/fr\/wp-json\/wp\/v2\/pages\/40179"}],"wp:attachment":[{"href":"https:\/\/clustdoc.com\/fr\/wp-json\/wp\/v2\/media?parent=40205"}],"curies":[{"name":"wp","href":"https:\/\/api.w.org\/{rel}","templated":true}]}}