{"id":40196,"date":"2025-05-22T07:51:18","date_gmt":"2025-05-22T07:51:18","guid":{"rendered":"https:\/\/clustdoc.com\/?page_id=40196"},"modified":"2025-12-08T12:15:18","modified_gmt":"2025-12-08T12:15:18","slug":"gerer-ses-dossiers-clients","status":"publish","type":"page","link":"https:\/\/clustdoc.com\/fr\/dossiers\/gerer-ses-dossiers-clients\/","title":{"rendered":"G\u00e9rer ses dossiers clients"},"content":{"rendered":"\t\t<div data-elementor-type=\"wp-page\" data-elementor-id=\"40196\" class=\"elementor elementor-40196\" data-elementor-post-type=\"page\">\n\t\t\t\t<div class=\"elementor-element elementor-element-1f8707c5 e-con-full e-flex e-con e-parent\" data-id=\"1f8707c5\" data-element_type=\"container\" data-e-type=\"container\" data-settings=\"{&quot;background_background&quot;:&quot;classic&quot;}\">\n\t\t\t\t<div class=\"elementor-element elementor-element-2b093b21 elementor-widget elementor-widget-spacer\" data-id=\"2b093b21\" data-element_type=\"widget\" data-e-type=\"widget\" data-widget_type=\"spacer.default\">\n\t\t\t\t<div class=\"elementor-widget-container\">\n\t\t\t\t\t\t\t<div class=\"elementor-spacer\">\n\t\t\t<div class=\"elementor-spacer-inner\"><\/div>\n\t\t<\/div>\n\t\t\t\t\t\t<\/div>\n\t\t\t\t<\/div>\n\t\t\t\t<div class=\"elementor-element elementor-element-818f9b5 betakit-transform transform-type-translate elementor-widget elementor-widget-heading\" data-id=\"818f9b5\" data-element_type=\"widget\" data-e-type=\"widget\" data-widget_type=\"heading.default\">\n\t\t\t\t<div class=\"elementor-widget-container\">\n\t\t\t\t\t<h1 id=\"expertise-onboarding\" class=\"elementor-heading-title elementor-size-default\">Expertise {Onboarding}<\/h1>\t\t\t\t<\/div>\n\t\t\t\t<\/div>\n\t\t\t\t<div class=\"elementor-element elementor-element-1a741abd elementor-widget elementor-widget-spacer\" data-id=\"1a741abd\" data-element_type=\"widget\" data-e-type=\"widget\" data-widget_type=\"spacer.default\">\n\t\t\t\t<div class=\"elementor-widget-container\">\n\t\t\t\t\t\t\t<div class=\"elementor-spacer\">\n\t\t\t<div class=\"elementor-spacer-inner\"><\/div>\n\t\t<\/div>\n\t\t\t\t\t\t<\/div>\n\t\t\t\t<\/div>\n\t\t\t\t<div class=\"elementor-element elementor-element-50dfaa4 betakit-transform transform-type-translate elementor-widget elementor-widget-heading\" data-id=\"50dfaa4\" data-element_type=\"widget\" data-e-type=\"widget\" data-widget_type=\"heading.default\">\n\t\t\t\t<div class=\"elementor-widget-container\">\n\t\t\t\t\t<p class=\"elementor-heading-title elementor-size-default\">Strat\u00e9gies &amp; bonnes pratiques pour mieux g\u00e9rer vos dossiers.<\/p>\t\t\t\t<\/div>\n\t\t\t\t<\/div>\n\t\t\t\t<div class=\"elementor-element elementor-element-4561cb4d elementor-widget elementor-widget-spacer\" data-id=\"4561cb4d\" data-element_type=\"widget\" data-e-type=\"widget\" data-widget_type=\"spacer.default\">\n\t\t\t\t<div class=\"elementor-widget-container\">\n\t\t\t\t\t\t\t<div class=\"elementor-spacer\">\n\t\t\t<div class=\"elementor-spacer-inner\"><\/div>\n\t\t<\/div>\n\t\t\t\t\t\t<\/div>\n\t\t\t\t<\/div>\n\t\t\t\t<div class=\"elementor-element elementor-element-5e9b4a1d elementor-align-center elementor-widget elementor-widget-breadcrumbs\" data-id=\"5e9b4a1d\" data-element_type=\"widget\" data-e-type=\"widget\" data-widget_type=\"breadcrumbs.default\">\n\t\t\t\t<div class=\"elementor-widget-container\">\n\t\t\t\t\t<nav aria-label=\"breadcrumbs\" class=\"rank-math-breadcrumb\"><p><\/p><\/nav>\t\t\t\t<\/div>\n\t\t\t\t<\/div>\n\t\t\t\t<div class=\"elementor-element elementor-element-a23d19f elementor-widget elementor-widget-spacer\" data-id=\"a23d19f\" data-element_type=\"widget\" data-e-type=\"widget\" data-widget_type=\"spacer.default\">\n\t\t\t\t<div class=\"elementor-widget-container\">\n\t\t\t\t\t\t\t<div class=\"elementor-spacer\">\n\t\t\t<div class=\"elementor-spacer-inner\"><\/div>\n\t\t<\/div>\n\t\t\t\t\t\t<\/div>\n\t\t\t\t<\/div>\n\t\t\t\t<\/div>\n\t\t<div class=\"elementor-element elementor-element-60400db5 e-flex e-con-boxed e-con e-parent\" data-id=\"60400db5\" data-element_type=\"container\" data-e-type=\"container\">\n\t\t\t\t\t<div class=\"e-con-inner\">\n\t\t\t\t<div class=\"elementor-element elementor-element-6ce396f2 elementor-widget elementor-widget-spacer\" data-id=\"6ce396f2\" data-element_type=\"widget\" data-e-type=\"widget\" data-widget_type=\"spacer.default\">\n\t\t\t\t<div class=\"elementor-widget-container\">\n\t\t\t\t\t\t\t<div class=\"elementor-spacer\">\n\t\t\t<div class=\"elementor-spacer-inner\"><\/div>\n\t\t<\/div>\n\t\t\t\t\t\t<\/div>\n\t\t\t\t<\/div>\n\t\t<div class=\"elementor-element elementor-element-40be1ef0 e-con-full e-grid e-con e-child\" data-id=\"40be1ef0\" data-element_type=\"container\" data-e-type=\"container\">\n\t\t\t\t<div class=\"elementor-element elementor-element-4f352025 elementor-align-center elementor-widget elementor-widget-button\" data-id=\"4f352025\" data-element_type=\"widget\" data-e-type=\"widget\" data-widget_type=\"button.default\">\n\t\t\t\t<div class=\"elementor-widget-container\">\n\t\t\t\t\t\t\t\t\t<div class=\"elementor-button-wrapper\">\n\t\t\t\t\t<a class=\"elementor-button elementor-button-link elementor-size-sm\" href=\"https:\/\/clustdoc.com\/fr\/dossiers\/gerer-ses-dossiers-clients\/\">\n\t\t\t\t\t\t<span class=\"elementor-button-content-wrapper\">\n\t\t\t\t\t\t\t\t\t<span class=\"elementor-button-text\">G\u00e9rer ses dossiers clients<\/span>\n\t\t\t\t\t<\/span>\n\t\t\t\t\t<\/a>\n\t\t\t\t<\/div>\n\t\t\t\t\t\t\t\t<\/div>\n\t\t\t\t<\/div>\n\t\t\t\t<div class=\"elementor-element elementor-element-3053d197 elementor-align-center elementor-widget elementor-widget-button\" data-id=\"3053d197\" data-element_type=\"widget\" data-e-type=\"widget\" data-widget_type=\"button.default\">\n\t\t\t\t<div class=\"elementor-widget-container\">\n\t\t\t\t\t\t\t\t\t<div class=\"elementor-button-wrapper\">\n\t\t\t\t\t<a class=\"elementor-button elementor-button-link elementor-size-sm\" href=\"https:\/\/clustdoc.com\/fr\/dossiers\/optimiser-ses-processus\/\">\n\t\t\t\t\t\t<span class=\"elementor-button-content-wrapper\">\n\t\t\t\t\t\t\t\t\t<span class=\"elementor-button-text\">Optimiser ses processus<\/span>\n\t\t\t\t\t<\/span>\n\t\t\t\t\t<\/a>\n\t\t\t\t<\/div>\n\t\t\t\t\t\t\t\t<\/div>\n\t\t\t\t<\/div>\n\t\t\t\t<div class=\"elementor-element elementor-element-2e839de6 elementor-align-center elementor-widget elementor-widget-button\" data-id=\"2e839de6\" data-element_type=\"widget\" data-e-type=\"widget\" data-widget_type=\"button.default\">\n\t\t\t\t<div class=\"elementor-widget-container\">\n\t\t\t\t\t\t\t\t\t<div class=\"elementor-button-wrapper\">\n\t\t\t\t\t<a class=\"elementor-button elementor-button-link elementor-size-sm\" href=\"https:\/\/clustdoc.com\/fr\/dossiers\/securiser-son-activite\/\">\n\t\t\t\t\t\t<span class=\"elementor-button-content-wrapper\">\n\t\t\t\t\t\t\t\t\t<span class=\"elementor-button-text\">S\u00e9curiser son activit\u00e9<\/span>\n\t\t\t\t\t<\/span>\n\t\t\t\t\t<\/a>\n\t\t\t\t<\/div>\n\t\t\t\t\t\t\t\t<\/div>\n\t\t\t\t<\/div>\n\t\t\t\t<div class=\"elementor-element elementor-element-2c991683 elementor-align-center elementor-widget elementor-widget-button\" data-id=\"2c991683\" data-element_type=\"widget\" data-e-type=\"widget\" data-widget_type=\"button.default\">\n\t\t\t\t<div class=\"elementor-widget-container\">\n\t\t\t\t\t\t\t\t\t<div class=\"elementor-button-wrapper\">\n\t\t\t\t\t<a class=\"elementor-button elementor-button-link elementor-size-sm\" href=\"https:\/\/clustdoc.com\/fr\/dossiers\/ameliorer-la-collaboration\/\">\n\t\t\t\t\t\t<span class=\"elementor-button-content-wrapper\">\n\t\t\t\t\t\t\t\t\t<span class=\"elementor-button-text\">Am\u00e9liorer la collaboration<\/span>\n\t\t\t\t\t<\/span>\n\t\t\t\t\t<\/a>\n\t\t\t\t<\/div>\n\t\t\t\t\t\t\t\t<\/div>\n\t\t\t\t<\/div>\n\t\t\t\t<div class=\"elementor-element elementor-element-41c97265 elementor-align-center elementor-widget elementor-widget-button\" data-id=\"41c97265\" data-element_type=\"widget\" data-e-type=\"widget\" data-widget_type=\"button.default\">\n\t\t\t\t<div class=\"elementor-widget-container\">\n\t\t\t\t\t\t\t\t\t<div class=\"elementor-button-wrapper\">\n\t\t\t\t\t<a class=\"elementor-button elementor-button-link elementor-size-sm\" href=\"https:\/\/clustdoc.com\/fr\/dossiers\/simplifier-le-parcours-client\/\">\n\t\t\t\t\t\t<span class=\"elementor-button-content-wrapper\">\n\t\t\t\t\t\t\t\t\t<span class=\"elementor-button-text\">Simplifier le parcours client<\/span>\n\t\t\t\t\t<\/span>\n\t\t\t\t\t<\/a>\n\t\t\t\t<\/div>\n\t\t\t\t\t\t\t\t<\/div>\n\t\t\t\t<\/div>\n\t\t\t\t<\/div>\n\t\t\t\t\t<\/div>\n\t\t\t\t<\/div>\n\t\t<div class=\"elementor-element elementor-element-18fca5b6 e-flex e-con-boxed e-con e-parent\" data-id=\"18fca5b6\" data-element_type=\"container\" data-e-type=\"container\">\n\t\t\t\t\t<div class=\"e-con-inner\">\n\t\t\t\t<div class=\"elementor-element elementor-element-2b66336f elementor-widget elementor-widget-spacer\" data-id=\"2b66336f\" data-element_type=\"widget\" data-e-type=\"widget\" data-widget_type=\"spacer.default\">\n\t\t\t\t<div class=\"elementor-widget-container\">\n\t\t\t\t\t\t\t<div class=\"elementor-spacer\">\n\t\t\t<div class=\"elementor-spacer-inner\"><\/div>\n\t\t<\/div>\n\t\t\t\t\t\t<\/div>\n\t\t\t\t<\/div>\n\t\t\t\t<div class=\"elementor-element elementor-element-1c9f9b elementor-grid-3 elementor-grid-tablet-2 elementor-grid-mobile-1 elementor-posts--thumbnail-top elementor-card-shadow-yes elementor-posts__hover-gradient elementor-widget elementor-widget-posts\" data-id=\"1c9f9b\" data-element_type=\"widget\" data-e-type=\"widget\" data-settings=\"{&quot;pagination_type&quot;:&quot;numbers&quot;,&quot;cards_columns&quot;:&quot;3&quot;,&quot;cards_columns_tablet&quot;:&quot;2&quot;,&quot;cards_columns_mobile&quot;:&quot;1&quot;,&quot;cards_row_gap&quot;:{&quot;unit&quot;:&quot;px&quot;,&quot;size&quot;:35,&quot;sizes&quot;:[]},&quot;cards_row_gap_tablet&quot;:{&quot;unit&quot;:&quot;px&quot;,&quot;size&quot;:&quot;&quot;,&quot;sizes&quot;:[]},&quot;cards_row_gap_mobile&quot;:{&quot;unit&quot;:&quot;px&quot;,&quot;size&quot;:&quot;&quot;,&quot;sizes&quot;:[]}}\" data-widget_type=\"posts.cards\">\n\t\t\t\t<div class=\"elementor-widget-container\">\n\t\t\t\t\t\t\t<div class=\"elementor-posts-container elementor-posts elementor-posts--skin-cards elementor-grid\" role=\"list\">\n\t\t\t\t<article class=\"elementor-post elementor-grid-item post-42946 post type-post status-publish format-standard has-post-thumbnail hentry category-dossiers category-gerer-ses-dossiers-clients nt-post-class \" role=\"listitem\">\n\t\t\t<div class=\"elementor-post__card\">\n\t\t\t\t<a class=\"elementor-post__thumbnail__link\" href=\"https:\/\/clustdoc.com\/fr\/dossiers\/entree-en-relation\/\" tabindex=\"-1\" ><div class=\"elementor-post__thumbnail\"><img decoding=\"async\" width=\"300\" height=\"200\" src=\"https:\/\/clustdoc.com\/wp-content\/uploads\/2025\/12\/Les-methodes-pour-creer-un-parcours-fluide-dentree-en-relation-300x200.jpg\" class=\"attachment-medium size-medium wp-image-58355\" alt=\"Les m\u00e9thodes pour cr\u00e9er un parcours fluide d&#039;entr\u00e9e en relation\" srcset=\"https:\/\/clustdoc.com\/wp-content\/uploads\/2025\/12\/Les-methodes-pour-creer-un-parcours-fluide-dentree-en-relation-300x200.jpg 300w, https:\/\/clustdoc.com\/wp-content\/uploads\/2025\/12\/Les-methodes-pour-creer-un-parcours-fluide-dentree-en-relation-1024x683.jpg 1024w, https:\/\/clustdoc.com\/wp-content\/uploads\/2025\/12\/Les-methodes-pour-creer-un-parcours-fluide-dentree-en-relation-768x512.jpg 768w, https:\/\/clustdoc.com\/wp-content\/uploads\/2025\/12\/Les-methodes-pour-creer-un-parcours-fluide-dentree-en-relation-1536x1024.jpg 1536w, https:\/\/clustdoc.com\/wp-content\/uploads\/2025\/12\/Les-methodes-pour-creer-un-parcours-fluide-dentree-en-relation-2048x1365.jpg 2048w, https:\/\/clustdoc.com\/wp-content\/uploads\/2025\/12\/Les-methodes-pour-creer-un-parcours-fluide-dentree-en-relation-595xh.jpg 595w\" sizes=\"(max-width: 300px) 100vw, 300px\" \/><\/div><\/a>\n\t\t\t\t<div class=\"elementor-post__badge\">dossiers<\/div>\n\t\t\t\t<div class=\"elementor-post__text\">\n\t\t\t\t<h3 id=\"les-methodes-pour-creer-un-parcours-fluide-dentree-en-relation\" class=\"elementor-post__title\">\n\t\t\t<a href=\"https:\/\/clustdoc.com\/fr\/dossiers\/entree-en-relation\/\" >\n\t\t\t\tLes m\u00e9thodes pour cr\u00e9er un parcours fluide d&#8217;entr\u00e9e en relation\t\t\t<\/a>\n\t\t<\/h3>\n\t\t\t\t<div class=\"elementor-post__excerpt\">\n\t\t\t<p>L\u2019entr\u00e9e en relation est une \u00e9tape strat\u00e9gique qui conditionne la fluidit\u00e9 du parcours client, la conformit\u00e9 r\u00e9glementaire et la performance op\u00e9rationnelle. D\u00e9couvrez comment structurer et outiller efficacement cette \u00e9tape cl\u00e9 pour simplifier vos \u00e9changes et accompagner votre croissance.<\/p>\n\t\t<\/div>\n\t\t\t\t\t<div class=\"elementor-post__read-more-wrapper\">\n\t\t\n\t\t<a class=\"elementor-post__read-more\" href=\"https:\/\/clustdoc.com\/fr\/dossiers\/entree-en-relation\/\" aria-label=\"En savoir plus sur Les m\u00e9thodes pour cr\u00e9er un parcours fluide d&#8217;entr\u00e9e en relation\" tabindex=\"-1\" >\n\t\t\tLire la fiche \u2192\t\t<\/a>\n\n\t\t\t\t\t<\/div>\n\t\t\t\t<\/div>\n\t\t\t\t<div class=\"elementor-post__meta-data\">\n\t\t\t\t\t<span class=\"elementor-post-date\">\n\t\t\t26 d\u00e9cembre 2025\t\t<\/span>\n\t\t\t\t<\/div>\n\t\t\t\t\t<\/div>\n\t\t<\/article>\n\t\t\t\t<article class=\"elementor-post elementor-grid-item post-49871 post type-post status-publish format-standard has-post-thumbnail hentry category-dossiers category-gerer-ses-dossiers-clients tag-digitalisation-des-dossiers-clients nt-post-class \" role=\"listitem\">\n\t\t\t<div class=\"elementor-post__card\">\n\t\t\t\t<a class=\"elementor-post__thumbnail__link\" href=\"https:\/\/clustdoc.com\/fr\/dossiers\/instruction-de-dossier\/\" tabindex=\"-1\" ><div class=\"elementor-post__thumbnail\"><img decoding=\"async\" width=\"300\" height=\"214\" src=\"https:\/\/clustdoc.com\/wp-content\/uploads\/2025\/11\/Instruire-un-dossier-300x214.png\" class=\"attachment-medium size-medium wp-image-54393\" alt=\"Instruire un dossier\" srcset=\"https:\/\/clustdoc.com\/wp-content\/uploads\/2025\/11\/Instruire-un-dossier-300x214.png 300w, https:\/\/clustdoc.com\/wp-content\/uploads\/2025\/11\/Instruire-un-dossier-1024x731.png 1024w, https:\/\/clustdoc.com\/wp-content\/uploads\/2025\/11\/Instruire-un-dossier-768x548.png 768w, https:\/\/clustdoc.com\/wp-content\/uploads\/2025\/11\/Instruire-un-dossier-1536x1097.png 1536w, https:\/\/clustdoc.com\/wp-content\/uploads\/2025\/11\/Instruire-un-dossier-595xh.png 595w, https:\/\/clustdoc.com\/wp-content\/uploads\/2025\/11\/Instruire-un-dossier.png 1654w\" sizes=\"(max-width: 300px) 100vw, 300px\" \/><\/div><\/a>\n\t\t\t\t<div class=\"elementor-post__badge\">dossiers<\/div>\n\t\t\t\t<div class=\"elementor-post__text\">\n\t\t\t\t<h3 id=\"comment-optimiser-linstruction-de-dossier-en-entreprise\" class=\"elementor-post__title\">\n\t\t\t<a href=\"https:\/\/clustdoc.com\/fr\/dossiers\/instruction-de-dossier\/\" >\n\t\t\t\tComment optimiser l\u2019instruction de dossier en entreprise ?\t\t\t<\/a>\n\t\t<\/h3>\n\t\t\t\t<div class=\"elementor-post__excerpt\">\n\t\t\t<p>Dans cette fiche, on vous explique pourquoi certaines entreprises passent \u00e0 c\u00f4t\u00e9 de leur transformation digitale\u2026 et comment d\u2019autres construisent une organisation fluide, efficace et collaborative.<\/p>\n\t\t<\/div>\n\t\t\t\t\t<div class=\"elementor-post__read-more-wrapper\">\n\t\t\n\t\t<a class=\"elementor-post__read-more\" href=\"https:\/\/clustdoc.com\/fr\/dossiers\/instruction-de-dossier\/\" aria-label=\"En savoir plus sur Comment optimiser l\u2019instruction de dossier en entreprise ?\" tabindex=\"-1\" >\n\t\t\tLire la fiche \u2192\t\t<\/a>\n\n\t\t\t\t\t<\/div>\n\t\t\t\t<\/div>\n\t\t\t\t<div class=\"elementor-post__meta-data\">\n\t\t\t\t\t<span class=\"elementor-post-date\">\n\t\t\t2 novembre 2025\t\t<\/span>\n\t\t\t\t<\/div>\n\t\t\t\t\t<\/div>\n\t\t<\/article>\n\t\t\t\t<article class=\"elementor-post elementor-grid-item post-40717 post type-post status-publish format-standard has-post-thumbnail hentry category-dossiers category-gerer-ses-dossiers-clients tag-digitalisation-des-dossiers-clients nt-post-class \" role=\"listitem\">\n\t\t\t<div class=\"elementor-post__card\">\n\t\t\t\t<a class=\"elementor-post__thumbnail__link\" href=\"https:\/\/clustdoc.com\/fr\/dossiers\/digitalisation-des-dossiers-clients\/\" tabindex=\"-1\" ><div class=\"elementor-post__thumbnail\"><img decoding=\"async\" width=\"300\" height=\"214\" src=\"https:\/\/clustdoc.com\/wp-content\/uploads\/2025\/03\/GERER_SES_DOSSIERS-300x214.png\" class=\"attachment-medium size-medium wp-image-40560\" alt=\"Digitalisation des dossiers clients\" srcset=\"https:\/\/clustdoc.com\/wp-content\/uploads\/2025\/03\/GERER_SES_DOSSIERS-300x214.png 300w, https:\/\/clustdoc.com\/wp-content\/uploads\/2025\/03\/GERER_SES_DOSSIERS-1024x731.png 1024w, https:\/\/clustdoc.com\/wp-content\/uploads\/2025\/03\/GERER_SES_DOSSIERS-768x548.png 768w, https:\/\/clustdoc.com\/wp-content\/uploads\/2025\/03\/GERER_SES_DOSSIERS-1536x1097.png 1536w, https:\/\/clustdoc.com\/wp-content\/uploads\/2025\/03\/GERER_SES_DOSSIERS-595xh.png 595w, https:\/\/clustdoc.com\/wp-content\/uploads\/2025\/03\/GERER_SES_DOSSIERS.png 1654w\" sizes=\"(max-width: 300px) 100vw, 300px\" \/><\/div><\/a>\n\t\t\t\t<div class=\"elementor-post__badge\">dossiers<\/div>\n\t\t\t\t<div class=\"elementor-post__text\">\n\t\t\t\t<h3 id=\"la-digitalisation-des-dossiers-clients-quels-enjeux-pour-votre-entreprise\" class=\"elementor-post__title\">\n\t\t\t<a href=\"https:\/\/clustdoc.com\/fr\/dossiers\/digitalisation-des-dossiers-clients\/\" >\n\t\t\t\tLa digitalisation des dossiers clients\u202f: quels enjeux pour votre entreprise ?\t\t\t<\/a>\n\t\t<\/h3>\n\t\t\t\t<div class=\"elementor-post__excerpt\">\n\t\t\t<p>Dans cette fiche, on vous explique pourquoi certaines entreprises passent \u00e0 c\u00f4t\u00e9 de leur transformation digitale\u2026 et comment d\u2019autres construisent une organisation fluide, efficace et collaborative.<\/p>\n\t\t<\/div>\n\t\t\t\t\t<div class=\"elementor-post__read-more-wrapper\">\n\t\t\n\t\t<a class=\"elementor-post__read-more\" href=\"https:\/\/clustdoc.com\/fr\/dossiers\/digitalisation-des-dossiers-clients\/\" aria-label=\"En savoir plus sur La digitalisation des dossiers clients\u202f: quels enjeux pour votre entreprise ?\" tabindex=\"-1\" >\n\t\t\tLire la fiche \u2192\t\t<\/a>\n\n\t\t\t\t\t<\/div>\n\t\t\t\t<\/div>\n\t\t\t\t<div class=\"elementor-post__meta-data\">\n\t\t\t\t\t<span class=\"elementor-post-date\">\n\t\t\t21 mai 2025\t\t<\/span>\n\t\t\t\t<\/div>\n\t\t\t\t\t<\/div>\n\t\t<\/article>\n\t\t\t\t<\/div>\n\t\t\n\t\t\t\t\t\t<\/div>\n\t\t\t\t<\/div>\n\t\t\t\t\t<\/div>\n\t\t\t\t<\/div>\n\t\t<div class=\"elementor-element elementor-element-246f67c0 e-flex e-con-boxed e-con e-parent\" data-id=\"246f67c0\" data-element_type=\"container\" data-e-type=\"container\">\n\t\t\t\t\t<div class=\"e-con-inner\">\n\t\t\t\t<div class=\"elementor-element elementor-element-6065447a elementor-widget elementor-widget-spacer\" data-id=\"6065447a\" data-element_type=\"widget\" data-e-type=\"widget\" data-widget_type=\"spacer.default\">\n\t\t\t\t<div class=\"elementor-widget-container\">\n\t\t\t\t\t\t\t<div class=\"elementor-spacer\">\n\t\t\t<div class=\"elementor-spacer-inner\"><\/div>\n\t\t<\/div>\n\t\t\t\t\t\t<\/div>\n\t\t\t\t<\/div>\n\t\t\t\t\t<\/div>\n\t\t\t\t<\/div>\n\t\t<div class=\"elementor-element elementor-element-db431dc e-flex e-con-boxed e-con e-parent\" data-id=\"db431dc\" data-element_type=\"container\" data-e-type=\"container\" data-settings=\"{&quot;background_background&quot;:&quot;classic&quot;}\">\n\t\t\t\t\t<div class=\"e-con-inner\">\n\t\t<div class=\"elementor-element elementor-element-5718f6a6 e-con-full e-flex e-con e-child\" data-id=\"5718f6a6\" data-element_type=\"container\" data-e-type=\"container\">\n\t\t\t\t<div class=\"elementor-element elementor-element-7178aa09 elementor-widget elementor-widget-spacer\" data-id=\"7178aa09\" data-element_type=\"widget\" data-e-type=\"widget\" data-widget_type=\"spacer.default\">\n\t\t\t\t<div class=\"elementor-widget-container\">\n\t\t\t\t\t\t\t<div class=\"elementor-spacer\">\n\t\t\t<div class=\"elementor-spacer-inner\"><\/div>\n\t\t<\/div>\n\t\t\t\t\t\t<\/div>\n\t\t\t\t<\/div>\n\t\t\t\t<div class=\"elementor-element elementor-element-2c0aaf2b betakit-transform transform-type-translate elementor-widget elementor-widget-heading\" data-id=\"2c0aaf2b\" data-element_type=\"widget\" data-e-type=\"widget\" data-widget_type=\"heading.default\">\n\t\t\t\t<div class=\"elementor-widget-container\">\n\t\t\t\t\t<h3 id=\"vous-pensez-a-dematerialiser-vos-parcours-clients-et-demarches-administratives\" class=\"elementor-heading-title elementor-size-default\">Vous pensez \u00e0 d\u00e9mat\u00e9rialiser vos parcours clients et d\u00e9marches administratives ? <\/h3>\t\t\t\t<\/div>\n\t\t\t\t<\/div>\n\t\t\t\t<div class=\"elementor-element elementor-element-5001f8af elementor-widget elementor-widget-text-editor\" data-id=\"5001f8af\" data-element_type=\"widget\" data-e-type=\"widget\" data-widget_type=\"text-editor.default\">\n\t\t\t\t<div class=\"elementor-widget-container\">\n\t\t\t\t\t\t\t\t\t<p><span style=\"font-weight: 500; color: #ffffff;\">Planifiez un rendez-vous avec un de nos experts pour d\u00e9couvrir la solution Clustdoc.\u00a0<\/span><\/p>\t\t\t\t\t\t\t\t<\/div>\n\t\t\t\t<\/div>\n\t\t\t\t<div class=\"elementor-element elementor-element-d3a0807 elementor-widget elementor-widget-button\" data-id=\"d3a0807\" data-element_type=\"widget\" data-e-type=\"widget\" data-widget_type=\"button.default\">\n\t\t\t\t<div class=\"elementor-widget-container\">\n\t\t\t\t\t\t\t\t\t<div class=\"elementor-button-wrapper\">\n\t\t\t\t\t<a class=\"elementor-button elementor-button-link elementor-size-sm\" href=\"https:\/\/clustdoc.com\/fr\/rdv-decouverte\/\">\n\t\t\t\t\t\t<span class=\"elementor-button-content-wrapper\">\n\t\t\t\t\t\t\t\t\t<span class=\"elementor-button-text\">R\u00e9servez une consultation gratuite<\/span>\n\t\t\t\t\t<\/span>\n\t\t\t\t\t<\/a>\n\t\t\t\t<\/div>\n\t\t\t\t\t\t\t\t<\/div>\n\t\t\t\t<\/div>\n\t\t\t\t<div class=\"elementor-element elementor-element-69ffa84c elementor-widget elementor-widget-spacer\" data-id=\"69ffa84c\" data-element_type=\"widget\" data-e-type=\"widget\" data-widget_type=\"spacer.default\">\n\t\t\t\t<div class=\"elementor-widget-container\">\n\t\t\t\t\t\t\t<div class=\"elementor-spacer\">\n\t\t\t<div class=\"elementor-spacer-inner\"><\/div>\n\t\t<\/div>\n\t\t\t\t\t\t<\/div>\n\t\t\t\t<\/div>\n\t\t\t\t<\/div>\n\t\t<div class=\"elementor-element elementor-element-7fb0d1e9 e-con-full e-flex e-con e-child\" data-id=\"7fb0d1e9\" data-element_type=\"container\" data-e-type=\"container\">\n\t\t\t\t<div class=\"elementor-element elementor-element-4abf2c17 elementor-widget elementor-widget-spacer\" data-id=\"4abf2c17\" data-element_type=\"widget\" data-e-type=\"widget\" data-widget_type=\"spacer.default\">\n\t\t\t\t<div class=\"elementor-widget-container\">\n\t\t\t\t\t\t\t<div class=\"elementor-spacer\">\n\t\t\t<div class=\"elementor-spacer-inner\"><\/div>\n\t\t<\/div>\n\t\t\t\t\t\t<\/div>\n\t\t\t\t<\/div>\n\t\t\t\t<div class=\"elementor-element elementor-element-5e2dc441 elementor-widget__width-initial elementor-widget elementor-widget-image\" data-id=\"5e2dc441\" data-element_type=\"widget\" data-e-type=\"widget\" data-widget_type=\"image.default\">\n\t\t\t\t<div class=\"elementor-widget-container\">\n\t\t\t\t\t\t\t\t\t\t\t\t\t\t\t<img decoding=\"async\" width=\"960\" height=\"640\" src=\"https:\/\/clustdoc.com\/wp-content\/uploads\/2025\/11\/Gerer-ses-dossiers-clients-1024x683.jpg\" class=\"attachment-large size-large wp-image-54224\" alt=\"G\u00e9rer ses dossiers clients\" srcset=\"https:\/\/clustdoc.com\/wp-content\/uploads\/2025\/11\/Gerer-ses-dossiers-clients-1024x683.jpg 1024w, https:\/\/clustdoc.com\/wp-content\/uploads\/2025\/11\/Gerer-ses-dossiers-clients-300x200.jpg 300w, https:\/\/clustdoc.com\/wp-content\/uploads\/2025\/11\/Gerer-ses-dossiers-clients-768x512.jpg 768w, https:\/\/clustdoc.com\/wp-content\/uploads\/2025\/11\/Gerer-ses-dossiers-clients-1536x1024.jpg 1536w, https:\/\/clustdoc.com\/wp-content\/uploads\/2025\/11\/Gerer-ses-dossiers-clients-2048x1365.jpg 2048w, https:\/\/clustdoc.com\/wp-content\/uploads\/2025\/11\/Gerer-ses-dossiers-clients-595xh.jpg 595w\" sizes=\"(max-width: 960px) 100vw, 960px\" \/>\t\t\t\t\t\t\t\t\t\t\t\t\t\t\t<\/div>\n\t\t\t\t<\/div>\n\t\t\t\t<div class=\"elementor-element elementor-element-6b853288 elementor-widget elementor-widget-spacer\" data-id=\"6b853288\" data-element_type=\"widget\" data-e-type=\"widget\" data-widget_type=\"spacer.default\">\n\t\t\t\t<div class=\"elementor-widget-container\">\n\t\t\t\t\t\t\t<div class=\"elementor-spacer\">\n\t\t\t<div class=\"elementor-spacer-inner\"><\/div>\n\t\t<\/div>\n\t\t\t\t\t\t<\/div>\n\t\t\t\t<\/div>\n\t\t\t\t<\/div>\n\t\t\t\t\t<\/div>\n\t\t\t\t<\/div>\n\t\t\t\t<\/div>\n\t\t","protected":false},"excerpt":{"rendered":"<p>Expertise {Onboarding} Strat\u00e9gies &amp; bonnes pratiques pour mieux g\u00e9rer vos dossiers. G\u00e9rer ses dossiers clients Optimiser ses processus S\u00e9curiser son activit\u00e9 Am\u00e9liorer la collaboration Simplifier le parcours client Vous pensez \u00e0 d\u00e9mat\u00e9rialiser vos parcours clients et d\u00e9marches administratives ? Planifiez un rendez-vous avec un de nos experts pour d\u00e9couvrir la solution Clustdoc.\u00a0 R\u00e9servez une consultation&#8230;<\/p>\n","protected":false},"author":6,"featured_media":0,"parent":40179,"menu_order":4,"comment_status":"closed","ping_status":"closed","template":"elementor_header_footer","meta":{"footnotes":""},"class_list":["post-40196","page","type-page","status-publish","hentry","nt-post-class",""],"_links":{"self":[{"href":"https:\/\/clustdoc.com\/fr\/wp-json\/wp\/v2\/pages\/40196","targetHints":{"allow":["GET"]}}],"collection":[{"href":"https:\/\/clustdoc.com\/fr\/wp-json\/wp\/v2\/pages"}],"about":[{"href":"https:\/\/clustdoc.com\/fr\/wp-json\/wp\/v2\/types\/page"}],"author":[{"embeddable":true,"href":"https:\/\/clustdoc.com\/fr\/wp-json\/wp\/v2\/users\/6"}],"replies":[{"embeddable":true,"href":"https:\/\/clustdoc.com\/fr\/wp-json\/wp\/v2\/comments?post=40196"}],"version-history":[{"count":23,"href":"https:\/\/clustdoc.com\/fr\/wp-json\/wp\/v2\/pages\/40196\/revisions"}],"predecessor-version":[{"id":56975,"href":"https:\/\/clustdoc.com\/fr\/wp-json\/wp\/v2\/pages\/40196\/revisions\/56975"}],"up":[{"embeddable":true,"href":"https:\/\/clustdoc.com\/fr\/wp-json\/wp\/v2\/pages\/40179"}],"wp:attachment":[{"href":"https:\/\/clustdoc.com\/fr\/wp-json\/wp\/v2\/media?parent=40196"}],"curies":[{"name":"wp","href":"https:\/\/api.w.org\/{rel}","templated":true}]}}