{"id":37174,"date":"2024-11-14T11:49:08","date_gmt":"2024-11-14T11:49:08","guid":{"rendered":"https:\/\/clustdoc.com\/?page_id=37174"},"modified":"2025-10-24T12:28:17","modified_gmt":"2025-10-24T12:28:17","slug":"legal","status":"publish","type":"page","link":"https:\/\/clustdoc.com\/fr\/legal\/","title":{"rendered":"Mentions l\u00e9gales"},"content":{"rendered":"\t\t<div data-elementor-type=\"wp-page\" data-elementor-id=\"37174\" class=\"elementor elementor-37174 elementor-29741\" data-elementor-post-type=\"page\">\n\t\t\t\t\t\t<section class=\"betakit-gap-default elementor-section elementor-top-section elementor-element elementor-element-4315c16 elementor-section-boxed elementor-section-height-default elementor-section-height-default\" data-id=\"4315c16\" data-element_type=\"section\" data-e-type=\"section\">\n\t\t\t\t\t\t<div class=\"elementor-container elementor-column-gap-default\">\n\t\t\t\t\t<div class=\"elementor-column elementor-col-16 elementor-top-column elementor-element elementor-element-e7475f1\" data-id=\"e7475f1\" data-element_type=\"column\" data-e-type=\"column\">\n\t\t\t<div class=\"elementor-widget-wrap\">\n\t\t\t\t\t\t\t<\/div>\n\t\t<\/div>\n\t\t\t\t<div class=\"elementor-column elementor-col-66 elementor-top-column elementor-element elementor-element-5d4aa17\" data-id=\"5d4aa17\" data-element_type=\"column\" data-e-type=\"column\">\n\t\t\t<div class=\"elementor-widget-wrap elementor-element-populated\">\n\t\t\t\t\t\t<div class=\"elementor-element elementor-element-d7a9542 elementor-widget elementor-widget-spacer\" data-id=\"d7a9542\" data-element_type=\"widget\" data-e-type=\"widget\" data-widget_type=\"spacer.default\">\n\t\t\t\t<div class=\"elementor-widget-container\">\n\t\t\t\t\t\t\t<div class=\"elementor-spacer\">\n\t\t\t<div class=\"elementor-spacer-inner\"><\/div>\n\t\t<\/div>\n\t\t\t\t\t\t<\/div>\n\t\t\t\t<\/div>\n\t\t\t\t<div class=\"elementor-element elementor-element-cf93e7a betakit-transform transform-type-translate elementor-widget elementor-widget-heading\" data-id=\"cf93e7a\" data-element_type=\"widget\" data-e-type=\"widget\" data-widget_type=\"heading.default\">\n\t\t\t\t<div class=\"elementor-widget-container\">\n\t\t\t\t\t<h1 id=\"mentions-legales\" class=\"elementor-heading-title elementor-size-default\">Mentions L\u00e9gales<\/h1>\t\t\t\t<\/div>\n\t\t\t\t<\/div>\n\t\t\t\t<div class=\"elementor-element elementor-element-571c596 elementor-widget elementor-widget-spacer\" data-id=\"571c596\" data-element_type=\"widget\" data-e-type=\"widget\" data-widget_type=\"spacer.default\">\n\t\t\t\t<div class=\"elementor-widget-container\">\n\t\t\t\t\t\t\t<div class=\"elementor-spacer\">\n\t\t\t<div class=\"elementor-spacer-inner\"><\/div>\n\t\t<\/div>\n\t\t\t\t\t\t<\/div>\n\t\t\t\t<\/div>\n\t\t\t\t\t<\/div>\n\t\t<\/div>\n\t\t\t\t<div class=\"elementor-column elementor-col-16 elementor-top-column elementor-element elementor-element-608ff4a\" data-id=\"608ff4a\" data-element_type=\"column\" data-e-type=\"column\">\n\t\t\t<div class=\"elementor-widget-wrap\">\n\t\t\t\t\t\t\t<\/div>\n\t\t<\/div>\n\t\t\t\t\t<\/div>\n\t\t<\/section>\n\t\t\t\t<section class=\"betakit-gap-default elementor-section elementor-top-section elementor-element elementor-element-77877e0 elementor-section-boxed elementor-section-height-default elementor-section-height-default\" data-id=\"77877e0\" data-element_type=\"section\" data-e-type=\"section\">\n\t\t\t\t\t\t<div class=\"elementor-container elementor-column-gap-default\">\n\t\t\t\t\t<div class=\"elementor-column elementor-col-100 elementor-top-column elementor-element elementor-element-034e766\" data-id=\"034e766\" data-element_type=\"column\" data-e-type=\"column\">\n\t\t\t<div class=\"elementor-widget-wrap elementor-element-populated\">\n\t\t\t\t\t\t<div class=\"elementor-element elementor-element-289120d elementor-widget elementor-widget-spacer\" data-id=\"289120d\" data-element_type=\"widget\" data-e-type=\"widget\" data-widget_type=\"spacer.default\">\n\t\t\t\t<div class=\"elementor-widget-container\">\n\t\t\t\t\t\t\t<div class=\"elementor-spacer\">\n\t\t\t<div class=\"elementor-spacer-inner\"><\/div>\n\t\t<\/div>\n\t\t\t\t\t\t<\/div>\n\t\t\t\t<\/div>\n\t\t\t\t<div class=\"elementor-element elementor-element-c18c2cf elementor-widget elementor-widget-spacer\" data-id=\"c18c2cf\" data-element_type=\"widget\" data-e-type=\"widget\" data-widget_type=\"spacer.default\">\n\t\t\t\t<div class=\"elementor-widget-container\">\n\t\t\t\t\t\t\t<div class=\"elementor-spacer\">\n\t\t\t<div class=\"elementor-spacer-inner\"><\/div>\n\t\t<\/div>\n\t\t\t\t\t\t<\/div>\n\t\t\t\t<\/div>\n\t\t\t\t<div class=\"elementor-element elementor-element-ea524a6 elementor-widget elementor-widget-text-editor\" data-id=\"ea524a6\" data-element_type=\"widget\" data-e-type=\"widget\" data-widget_type=\"text-editor.default\">\n\t\t\t\t<div class=\"elementor-widget-container\">\n\t\t\t\t\t\t\t\t\t<p><b>Le pr\u00e9sent Site Internet est \u00e9dit\u00e9 par <\/b><b>CLUSTDOC :<\/b><\/p><p><b>\u00a0<\/b><\/p><p><span style=\"font-weight: 400;\">CLUST TECHNOLOGIES (ci-apr\u00e8s \u00ab\u00a0<\/span><b>CLUSTDOC<\/b><span style=\"font-weight: 400;\">\u00a0\u00bb)<\/span><\/p><p><span style=\"font-weight: 400;\">Soci\u00e9t\u00e9 par actions simplifi\u00e9e<\/span><\/p><p><span style=\"font-weight: 400;\">Capital social de 716,67 \u20ac<\/span><\/p><p><span style=\"font-weight: 400;\">Situ\u00e9 au 101 RUE DE SEVRES, 75006 PARIS<\/span><\/p><p><span style=\"font-weight: 400;\">T\u00e9l : +33 9 70 46 54 56<\/span><\/p><p><span style=\"font-weight: 400;\">Adresse \u00e9lectronique : contact@clustdoc.com<\/span><\/p><p><span style=\"font-weight: 400;\">RCS de Paris sous le n\u00b0 844 644 807<\/span><\/p><p><span style=\"font-weight: 400;\">SIRET : 84464480700027<\/span><\/p><p><span style=\"font-weight: 400;\">Num\u00e9ro de TVA intracommunautaire : FR38844644807<\/span><\/p><p><span style=\"font-weight: 400;\">Le directeur de la publication et responsable de la r\u00e9daction du Site Internet est Mr Karim Bakoum\u00e9.<\/span><\/p><p><span style=\"font-weight: 400;\">\u00a0<\/span><\/p><p><span style=\"font-weight: 400;\">\u00a0<\/span><\/p><p>\u00a0<\/p><ul><li aria-level=\"1\"><b>H\u00c9BERGEMENT DU SITE<\/b><\/li><li aria-level=\"1\"><b>\u00a0<\/b><\/li><\/ul><p><span style=\"font-weight: 400;\">Le pr\u00e9sent site Internet (ci-apr\u00e8s \u00ab\u00a0<\/span><b>Site<\/b><span style=\"font-weight: 400;\">\u00a0\u00bb) est h\u00e9berg\u00e9 par <\/span><b>Amazon Services Europe S.\u00e0 r.l,,\u00a0<\/b><\/p><p><span style=\"font-weight: 400;\">Soci\u00e9t\u00e9 \u00e0 responsabilit\u00e9 limit\u00e9e, 5 Rue Plaetis, L2338<\/span><\/p><p><span style=\"font-weight: 400;\">Luxembourg<\/span><\/p><p><span style=\"font-weight: 400;\">Capital social : EUR 37,500<\/span><\/p><p><span style=\"font-weight: 400;\">Immatricul\u00e9e au Luxembourg<\/span><\/p><p><span style=\"font-weight: 400;\">RCS Luxembourg No : B 93815<\/span><\/p><p><span style=\"font-weight: 400;\">N\u00b0 d\u2019immatriculation : 1 100416<\/span><\/p><p><span style=\"font-weight: 400;\">Luxembourg N\u00b0 de TVA : LU 1964714<\/span><\/p><p><a href=\"https:\/\/sell.amazon.fr\/contactez-nous\" target=\"_blank\" rel=\"noopener\"><span style=\"font-weight: 400;\">https:\/\/sell.amazon.fr\/contactez-nous<\/span><\/a><span style=\"font-weight: 400;\">\u00a0\u00a0<\/span><\/p><p><span style=\"font-weight: 400;\">Les services quant \u00e0 eux sont h\u00e9berg\u00e9s par Kinsta Inc, 8605 Santa Monica Blvd #92581, West Hollywood, CA 90069, USA, privacy@kinsta.com et +44 808 2583 915<\/span><\/p><p><span style=\"font-weight: 400;\">\u00a0<\/span><\/p><p><span style=\"font-weight: 400;\">\u00a0<\/span><\/p><p>\u00a0<\/p><ul><li aria-level=\"1\"><b>LIEN HYPERTEXTE<\/b><\/li><li aria-level=\"1\"><b>\u00a0<\/b><\/li><\/ul><p><span style=\"font-weight: 400;\">Les liens disponibles sur le Site peuvent renvoyer vers des sites tiers non \u00e9dit\u00e9s par CLUSTDOC.\u00a0<\/span><\/p><p><span style=\"font-weight: 400;\">Si l\u2019utilisateur utilise tout ou partie de ces liens, il quittera le Site et acceptera alors d\u2019utiliser les sites tiers concern\u00e9s conform\u00e9ment aux conditions qui les r\u00e9gissent.<\/span><\/p><p><span style=\"font-weight: 400;\">L\u2019utilisateur reconna\u00eet que CLUSTDOC ne contr\u00f4le pas et ne contribue en aucune mani\u00e8re \u00e0 l\u2019\u00e9laboration des conditions d\u2019utilisation et\/ou du contenu figurant au sein de ces sites ou applications tiers et n\u2019assume aucune responsabilit\u00e9 \u00e0 ce titre.\u00a0<\/span><\/p><p><span style=\"font-weight: 400;\">\u00a0<\/span><\/p><p><span style=\"font-weight: 400;\">\u00a0<\/span><\/p><ul><li aria-level=\"1\"><b>PROPRI\u00c9T\u00c9 INTELLECTUELLE<\/b><\/li><li aria-level=\"1\"><b>\u00a0<\/b><\/li><\/ul><p><span style=\"font-weight: 400;\">Les \u00e9l\u00e9ments visuels, repr\u00e9sentations de personnes, lieux ou tout autre contenu pr\u00e9sent\u00e9 sur le Site sont sous la propri\u00e9t\u00e9 de CLUSTDOC ou affich\u00e9s avec l&#8217;approbation de leurs d\u00e9tenteurs de droits respectifs.<\/span><\/p><p><span style=\"font-weight: 400;\">\u00a0<\/span><\/p><p><span style=\"font-weight: 400;\">Il est important de souligner que tous les contenus que vous retrouvez sur le Site sont prot\u00e9g\u00e9s par des droits de propri\u00e9t\u00e9 intellectuelle.<\/span><\/p><p><span style=\"font-weight: 400;\">\u00a0<\/span><\/p><p><span style=\"font-weight: 400;\">Ces contenus sont mis \u00e0 votre disposition pour une consultation et une utilisation personnelles et non commerciales lors de votre navigation sur le Site. Toute autre forme d&#8217;exploitation de ces contenus, par vous-m\u00eame ou une personne que vous auriez autoris\u00e9e, est proscrite.<\/span><\/p><p><span style=\"font-weight: 400;\">\u00a0<\/span><\/p><p><span style=\"font-weight: 400;\">Toute utilisation inappropri\u00e9e de ces contenus peut engendrer une violation des droits de propri\u00e9t\u00e9 intellectuelle, notamment des droits d&#8217;auteur, des droits relatifs aux marques, ou une utilisation non consentie de donn\u00e9es personnelles. Ainsi, vous n&#8217;\u00eates pas autoris\u00e9 \u00e0 faire usage des marques ou de tout autre signe distinctif pr\u00e9sent sur le Site sans une autorisation \u00e9crite pr\u00e9alable de notre part, ou celle des d\u00e9tenteurs de droits.<\/span><\/p><p><span style=\"font-weight: 400;\">\u00a0<\/span><\/p><p><span style=\"font-weight: 400;\">\u00a0<\/span><\/p><p>\u00a0<\/p><ul><li aria-level=\"1\"><b>DROIT APPLICABLE<\/b><\/li><li aria-level=\"1\"><b>\u00a0<\/b><\/li><\/ul><p><span style=\"font-weight: 400;\">Les pr\u00e9sentes et la navigation sur le Site sont r\u00e9gies et interpr\u00e9t\u00e9es conform\u00e9ment aux lois fran\u00e7aises.\u00a0<\/span><\/p><p><span style=\"font-weight: 400;\">\u00a0<\/span><\/p><p><span style=\"font-weight: 400;\">Vous acceptez de vous soumettre \u00e0 la comp\u00e9tence exclusive des tribunaux fran\u00e7ais sous r\u00e9serve du droit applicable. <\/span><\/p>\t\t\t\t\t\t\t\t<\/div>\n\t\t\t\t<\/div>\n\t\t\t\t<div class=\"elementor-element elementor-element-eb82909 elementor-widget elementor-widget-spacer\" data-id=\"eb82909\" data-element_type=\"widget\" data-e-type=\"widget\" data-widget_type=\"spacer.default\">\n\t\t\t\t<div class=\"elementor-widget-container\">\n\t\t\t\t\t\t\t<div class=\"elementor-spacer\">\n\t\t\t<div class=\"elementor-spacer-inner\"><\/div>\n\t\t<\/div>\n\t\t\t\t\t\t<\/div>\n\t\t\t\t<\/div>\n\t\t\t\t<div class=\"elementor-element elementor-element-95b4b32 elementor-widget elementor-widget-spacer\" data-id=\"95b4b32\" data-element_type=\"widget\" data-e-type=\"widget\" data-widget_type=\"spacer.default\">\n\t\t\t\t<div class=\"elementor-widget-container\">\n\t\t\t\t\t\t\t<div class=\"elementor-spacer\">\n\t\t\t<div class=\"elementor-spacer-inner\"><\/div>\n\t\t<\/div>\n\t\t\t\t\t\t<\/div>\n\t\t\t\t<\/div>\n\t\t\t\t<div class=\"elementor-element elementor-element-f1a60d1 elementor-widget elementor-widget-spacer\" data-id=\"f1a60d1\" data-element_type=\"widget\" data-e-type=\"widget\" data-widget_type=\"spacer.default\">\n\t\t\t\t<div class=\"elementor-widget-container\">\n\t\t\t\t\t\t\t<div class=\"elementor-spacer\">\n\t\t\t<div class=\"elementor-spacer-inner\"><\/div>\n\t\t<\/div>\n\t\t\t\t\t\t<\/div>\n\t\t\t\t<\/div>\n\t\t\t\t\t<\/div>\n\t\t<\/div>\n\t\t\t\t\t<\/div>\n\t\t<\/section>\n\t\t\t\t<\/div>\n\t\t","protected":false},"excerpt":{"rendered":"<p>Mentions L\u00e9gales Le pr\u00e9sent Site Internet est \u00e9dit\u00e9 par CLUSTDOC : \u00a0 CLUST TECHNOLOGIES (ci-apr\u00e8s \u00ab\u00a0CLUSTDOC\u00a0\u00bb) Soci\u00e9t\u00e9 par actions simplifi\u00e9e Capital social de 716,67 \u20ac Situ\u00e9 au 101 RUE DE SEVRES, 75006 PARIS T\u00e9l : +33 9 70 46 54 56 Adresse \u00e9lectronique : contact@clustdoc.com RCS de Paris sous le n\u00b0 844 644 807 SIRET&#8230;<\/p>\n","protected":false},"author":6,"featured_media":0,"parent":0,"menu_order":0,"comment_status":"closed","ping_status":"closed","template":"elementor_header_footer","meta":{"footnotes":""},"class_list":{"0":"post-37174","1":"page","2":"type-page","3":"status-publish","4":"hentry","5":"nt-post-class","6":"","7":"thumb-none","9":"excerpt-none"},"_links":{"self":[{"href":"https:\/\/clustdoc.com\/fr\/wp-json\/wp\/v2\/pages\/37174","targetHints":{"allow":["GET"]}}],"collection":[{"href":"https:\/\/clustdoc.com\/fr\/wp-json\/wp\/v2\/pages"}],"about":[{"href":"https:\/\/clustdoc.com\/fr\/wp-json\/wp\/v2\/types\/page"}],"author":[{"embeddable":true,"href":"https:\/\/clustdoc.com\/fr\/wp-json\/wp\/v2\/users\/6"}],"replies":[{"embeddable":true,"href":"https:\/\/clustdoc.com\/fr\/wp-json\/wp\/v2\/comments?post=37174"}],"version-history":[{"count":2,"href":"https:\/\/clustdoc.com\/fr\/wp-json\/wp\/v2\/pages\/37174\/revisions"}],"predecessor-version":[{"id":48621,"href":"https:\/\/clustdoc.com\/fr\/wp-json\/wp\/v2\/pages\/37174\/revisions\/48621"}],"wp:attachment":[{"href":"https:\/\/clustdoc.com\/fr\/wp-json\/wp\/v2\/media?parent=37174"}],"curies":[{"name":"wp","href":"https:\/\/api.w.org\/{rel}","templated":true}]}}